{"id":7948,"date":"2025-07-07T13:51:16","date_gmt":"2025-07-07T11:51:16","guid":{"rendered":"https:\/\/idstechnology.live-website.com\/unternehmensgeschichte\/"},"modified":"2026-02-09T11:47:23","modified_gmt":"2026-02-09T10:47:23","slug":"unternehmensgeschichte","status":"publish","type":"page","link":"https:\/\/ids-tech.de\/de\/unternehmensgeschichte\/","title":{"rendered":"Unternehmensgeschichte IDS-Technology | Bitburg, Germany"},"content":{"rendered":"<p>[et_pb_section fb_built=&#8220;1&#8243; custom_padding_last_edited=&#8220;on|tablet&#8220; admin_label=&#8220;EINLEITUNG ZU ALLEN PRODUKTEN&#8220; module_id=&#8220;einleitung&#8220; _builder_version=&#8220;4.27.4&#8243; _module_preset=&#8220;default&#8220; custom_padding=&#8220;70px||25px||false|false&#8220; custom_padding_tablet=&#8220;90px||30px||false|false&#8220; custom_padding_phone=&#8220;90px||30px||false|false&#8220; global_colors_info=&#8220;{}&#8220;][et_pb_row _builder_version=&#8220;4.27.4&#8243; _module_preset=&#8220;default&#8220; custom_margin=&#8220;|auto|27px|auto||&#8220; custom_padding=&#8220;||0px|||&#8220; global_colors_info=&#8220;{}&#8220;][et_pb_column type=&#8220;4_4&#8243; _builder_version=&#8220;4.27.4&#8243; _module_preset=&#8220;default&#8220; global_colors_info=&#8220;{}&#8220;][et_pb_text _builder_version=&#8220;4.27.4&#8243; _module_preset=&#8220;_initial&#8220; header_font=&#8220;open sans v40 latin 700||||||||&#8220; header_text_align=&#8220;center&#8220; header_line_height=&#8220;1.3em&#8220; header_2_font=&#8220;open sans v40 latin 600||||||||&#8220; header_2_text_align=&#8220;center&#8220; header_2_font_size=&#8220;25px&#8220; header_2_line_height=&#8220;1.3em&#8220; text_orientation=&#8220;center&#8220; custom_margin=&#8220;||15px|||&#8220; header_font_size_tablet=&#8220;&#8220; header_font_size_phone=&#8220;&#8220; header_font_size_last_edited=&#8220;on|desktop&#8220; header_2_font_size_tablet=&#8220;21px&#8220; header_2_font_size_phone=&#8220;17px&#8220; header_2_font_size_last_edited=&#8220;on|phone&#8220; header_2_line_height_tablet=&#8220;1.3em&#8220; header_2_line_height_phone=&#8220;1.4em&#8220; header_2_line_height_last_edited=&#8220;on|desktop&#8220; text_orientation_tablet=&#8220;left&#8220; text_orientation_phone=&#8220;left&#8220; global_colors_info=&#8220;{}&#8220;]<\/p>\n<h1>Unsere Unternehmensgeschichte<\/h1>\n<h2>Meilensteine &amp; Gro\u00dfprojekte der IDS-Technology GmbH<\/h2>\n<p>[\/et_pb_text][et_pb_text _builder_version=&#8220;4.27.4&#8243; _module_preset=&#8220;default&#8220; header_text_align=&#8220;center&#8220; header_2_text_align=&#8220;center&#8220; header_3_text_align=&#8220;center&#8220; header_3_font_size=&#8220;21px&#8220; text_orientation=&#8220;center&#8220; width=&#8220;100%&#8220; module_alignment=&#8220;center&#8220; global_colors_info=&#8220;{}&#8220;]<\/p>\n<p>Hier m\u00f6chten wir Ihnen einen Einblick in unsere Geschichte und die weitere Entwicklung von IDS-Technology geben. Wir w\u00fcnschen Ihnen viel Vergn\u00fcgen beim St\u00f6bern und stehen Ihnen jederzeit f\u00fcr Fragen und Anregungen zur Verf\u00fcgung.<\/p>\n<p>[\/et_pb_text][\/et_pb_column][\/et_pb_row][et_pb_row _builder_version=&#8220;4.27.4&#8243; _module_preset=&#8220;default&#8220; width=&#8220;100%&#8220; max_width=&#8220;1200px&#8220; module_alignment=&#8220;center&#8220; custom_margin=&#8220;32px|auto|6px|auto||&#8220; custom_padding=&#8220;0px|20px||20px|false|true&#8220; global_colors_info=&#8220;{}&#8220;][et_pb_column type=&#8220;4_4&#8243; _builder_version=&#8220;4.27.4&#8243; _module_preset=&#8220;default&#8220; global_colors_info=&#8220;{}&#8220;][dtlp_vertical_timeline content_alignment=&#8220;center&#8220; item_spacing=&#8220;15px&#8220; connector_spacing=&#8220;67px&#8220; show_date=&#8220;off&#8220; arrow_position=&#8220;40px&#8220; use_scroll_line=&#8220;on&#8220; connector_color=&#8220;#E30713&#8243; connector_active_color=&#8220;#E30713&#8243; active_line_color=&#8220;#E30713&#8243; subtitle_spacing=&#8220;20px&#8220; content_alignment_tablet=&#8220;center&#8220; content_alignment_phone=&#8220;center&#8220; content_alignment_last_edited=&#8220;off|desktop&#8220; item_spacing_tablet=&#8220;15px&#8220; item_spacing_phone=&#8220;102px&#8220; item_spacing_last_edited=&#8220;on|phone&#8220; _builder_version=&#8220;4.27.5&#8243; _module_preset=&#8220;default&#8220; title_font=&#8220;&#8211;et_global_heading_font|700|||||||&#8220; title_font_size=&#8220;19px&#8220; title_line_height=&#8220;1.3em&#8220; subtitle_font=&#8220;|700|||||||&#8220; subtitle_text_color=&#8220;#E30713&#8243; subtitle_font_size=&#8220;19px&#8220; subtitle_letter_spacing=&#8220;1px&#8220; description_text_color=&#8220;#000000&#8243; description_font_size=&#8220;16px&#8220; date_font=&#8220;|600|||||||&#8220; date_font_size=&#8220;15px&#8220; date_line_height=&#8220;1.3em&#8220; title_font_size_tablet=&#8220;19px&#8220; title_font_size_phone=&#8220;17px&#8220; title_font_size_last_edited=&#8220;on|desktop&#8220; subtitle_font_size_tablet=&#8220;17px&#8220; subtitle_font_size_phone=&#8220;17px&#8220; subtitle_font_size_last_edited=&#8220;on|desktop&#8220; description_font_size_tablet=&#8220;16px&#8220; description_font_size_phone=&#8220;15px&#8220; description_font_size_last_edited=&#8220;on|desktop&#8220; global_colors_info=&#8220;{}&#8220;][dtlp_vertical_timeline_child icon=&#8220;&#xf5ad;||fa||900&#8243; title=&#8220;Gr\u00fcndung&#8220; subtitle=&#8220;2006&#8243; description=&#8220;<b>Gr\u00fcndung der IDS-Technology GmbH.<\/b> Der Beginn mit innovativen Visionen im Bereich industrieller Technologien.&#8220; date_time=&#8220;2006-01-10 00:07&#8243; _builder_version=&#8220;4.27.4&#8243; _module_preset=&#8220;default&#8220; global_colors_info=&#8220;{}&#8220;][\/dtlp_vertical_timeline_child][dtlp_vertical_timeline_child icon=&#8220;&#xf573;||fa||900&#8243; title=&#8220;Patentierte Innovation&#8220; subtitle=&#8220;2008&#8243; description=&#8220;<b>Erfolgreiche Patentanmeldung<\/b> \u2013 ein erster Beweis f\u00fcr den Erfindergeist und die technische Kompetenz des Unternehmens.&#8220; use_24_hours=&#8220;on&#8220; _builder_version=&#8220;4.27.4&#8243; _module_preset=&#8220;default&#8220; global_colors_info=&#8220;{}&#8220;][\/dtlp_vertical_timeline_child][dtlp_vertical_timeline_child icon=&#8220;&#xf56c;||fa||900&#8243; title=&#8220;Typpr\u00fcfung E-CON s.i.&#8220; subtitle=&#8220;2009&#8243; image=&#8220;https:\/\/ids-tech.de\/wp-content\/uploads\/2025\/12\/IDS-Technology_E-CON-System_si-development-timeline.webp&#8220; description=&#8220;<b>Erfolgreicher Abschluss der Typpr\u00fcfung nach IEC 60439<\/b> \u2013 ein entscheidender Meilenstein in der Entwicklungsphase.&#8220; use_24_hours=&#8220;on&#8220; _builder_version=&#8220;4.27.4&#8243; _module_preset=&#8220;default&#8220; link_option_url=&#8220;https:\/\/ids-tech.de\/ids-e-con-system\/#econsi&#8220; global_colors_info=&#8220;{}&#8220;][\/dtlp_vertical_timeline_child][dtlp_vertical_timeline_child icon=&#8220;&#xf135;||fa||900&#8243; title=&#8220;Markteintritt&#8220; subtitle=&#8220;2010&#8243; description=&#8220;Nach vier Jahren Entwicklungszeit startet IDS-Technology die kommerziellen Aktivit\u00e4ten mit innovativen Produkten.&#8220; use_24_hours=&#8220;on&#8220; _builder_version=&#8220;4.27.4&#8243; _module_preset=&#8220;default&#8220; global_colors_info=&#8220;{}&#8220;][\/dtlp_vertical_timeline_child][dtlp_vertical_timeline_child icon=&#8220;&#xf56f;||fa||900&#8243; title=&#8220;Erster Gro\u00dfauftrag&#8220; subtitle=&#8220;2011&#8243; image=&#8220;https:\/\/ids-tech.de\/wp-content\/uploads\/2025\/12\/IDS-Technology_E-CON-System_Cement-Industry_timeline.webp&#8220; image_alt=&#8220;E-CON system from IDS-Technology is used in the cement industry&#8220; description=&#8220;<b>Erster Gro\u00dfauftrag in der Zementindustrie in Litauen \u00fcber Feag Bremen \/ Siemens.<\/b> Das Unternehmen etabliert sich als verl\u00e4sslicher Partner in der Industrie.&#8220; use_24_hours=&#8220;on&#8220; _builder_version=&#8220;4.27.4&#8243; _module_preset=&#8220;default&#8220; global_colors_info=&#8220;{}&#8220;][\/dtlp_vertical_timeline_child][dtlp_vertical_timeline_child icon=&#8220;&#xf1e6;||fa||900&#8243; title=&#8220;Kraftwerksprojekt Tschechien&#8220; subtitle=&#8220;2012&#8243; description=&#8220;<b>Kraftwerksprojekt in der Tschechischen Republik \u00fcber Elpro \/ ABB. <\/b>Erweiterung der internationalen Pr\u00e4senz im Energiesektor.&#8220; use_24_hours=&#8220;on&#8220; _builder_version=&#8220;4.27.4&#8243; _module_preset=&#8220;default&#8220; global_colors_info=&#8220;{}&#8220;][\/dtlp_vertical_timeline_child][dtlp_vertical_timeline_child icon=&#8220;&#xf1ad;||fa||900&#8243; title=&#8220;Zementwerk Thailand&#8220; subtitle=&#8220;2013&#8243; description=&#8220;<b>Cement Plant Thailand (TPI) \u00fcber Electrotel \/ Siemens.<\/b> St\u00e4rkung der internationalen Aktivit\u00e4ten in Asien&#8220; use_24_hours=&#8220;on&#8220; _builder_version=&#8220;4.27.4&#8243; _module_preset=&#8220;default&#8220; global_colors_info=&#8220;{}&#8220;][\/dtlp_vertical_timeline_child][dtlp_vertical_timeline_child icon=&#8220;&#xf0a3;||fa||900&#8243; title=&#8220;ISO-Zertifizierung &amp; Metro S\u00e3o Paulo&#8220; subtitle=&#8220;2014&#8243; description=&#8220;<b>Zertifizierung nach ISO 9001:2015<\/b> \u2013 Nachweis h\u00f6chster Qualit\u00e4tsstandards und effizienter Prozesse. <\/p>\n<div><b>Gro\u00dfprojekt: Metro S\u00e3o Paulo \u00fcber SINER <\/b> \u2013 verl\u00e4ssliche Energieversorgung im \u00f6ffentlichen Nahverkehr.<\/div>\n<p>&#8220; use_24_hours=&#8220;on&#8220; _builder_version=&#8220;4.27.4&#8243; _module_preset=&#8220;default&#8220; global_colors_info=&#8220;{}&#8220;][\/dtlp_vertical_timeline_child][dtlp_vertical_timeline_child icon=&#8220;&#xf7b9;||fa||900&#8243; title=&#8220;Standorterweiterung &amp; Kernkraftwerk Tschernobyl&#8220; subtitle=&#8220;2015&#8243; image=&#8220;https:\/\/ids-tech.de\/wp-content\/uploads\/2025\/12\/IDS-Technology_E-CON-System_Expansion-Nuclear-Power-Plant-Chernobyl_tl.webp&#8220; image_alt=&#8220;E-CON system &#8211; Expansion &#038; Nuclear Power Plant Chernobyl&#8220; description=&#8220;Umzug an einen neuen Firmensitz zur Erh\u00f6hung der Fertigungskapazit\u00e4t. <\/p>\n<div><b>Gro\u00dfprojekt: Kernkraftwerk Tschernobyl (Sarkophag) \u00fcber HABER Energia:<\/b> Schutz der Bev\u00f6lkerung vor Nuklearstrahlung<\/div>\n<p>&#8220; use_24_hours=&#8220;on&#8220; _builder_version=&#8220;4.27.4&#8243; _module_preset=&#8220;default&#8220; global_colors_info=&#8220;{}&#8220;][\/dtlp_vertical_timeline_child][dtlp_vertical_timeline_child icon=&#8220;&#xf0a3;||fa||900&#8243; title=&#8220;Patentausdehnung &amp; Metro Riad&#8220; subtitle=&#8220;2017&#8243; description=&#8220;Ausdehnung des bestehenden Patents f\u00fcr eine neue elektrische Energie-Kontaktierung im Mittelspannungsbereich.<\/p>\n<div><b>Gro\u00dfprojekt: Metro Riad \u00fcber Alfanar, Schneider und Siemens<\/b> \u2013 Energieversorgungssysteme f\u00fcr eine moderne Metropole.<\/div>\n<p>&#8220; use_24_hours=&#8220;on&#8220; _builder_version=&#8220;4.27.4&#8243; _module_preset=&#8220;default&#8220; global_colors_info=&#8220;{}&#8220;][\/dtlp_vertical_timeline_child][dtlp_vertical_timeline_child icon=&#8220;&#xf49e;||fa||900&#8243; title=&#8220;Erweiterung des Lagerbereichs&#8220; subtitle=&#8220;2019&#8243; description=&#8220;Vergr\u00f6\u00dferung der Lagerfl\u00e4chen zur Optimierung von Logistik und Materialfluss \u2013 Vorbereitung auf zuk\u00fcnftiges Wachstum.&#8220; date_time=&#8220;2021-01-01 00:00&#8243; _builder_version=&#8220;4.27.4&#8243; _module_preset=&#8220;default&#8220; global_colors_info=&#8220;{}&#8220;][\/dtlp_vertical_timeline_child][dtlp_vertical_timeline_child icon=&#8220;&#xf1e6;||fa||900&#8243; title=&#8220;Kraftwerk Indien&#8220; subtitle=&#8220;2020&#8243; description=&#8220;<b>Gro\u00dfprojekt: Power Plant Patratu NTPC, Indien \u00fcber C&amp;S <\/b> \u2013 Beitrag zur Energieversorgung in S\u00fcdostasien.&#8220; use_24_hours=&#8220;on&#8220; _builder_version=&#8220;4.27.4&#8243; _module_preset=&#8220;default&#8220; global_colors_info=&#8220;{}&#8220;][\/dtlp_vertical_timeline_child][dtlp_vertical_timeline_child icon=&#8220;&#xf678;||fa||900&#8243; title=&#8220;Al-Haram-Moschee, Mekka&#8220; subtitle=&#8220;2022&#8243; image=&#8220;https:\/\/ids-tech.de\/wp-content\/uploads\/2025\/12\/IDS-Technology_E-CON-System_Al-Haram-Mosque-Mecca-timeline.webp&#8220; image_alt=&#8220;E-CON system from IDS-Technology is used in the Al-Haram Mosque in Mecca&#8220; description=&#8220;<b>Gro\u00dfprojekt: Erweiterung und Modernisierung der Al-Haram-Moschee in Mekka \u00fcber Alfanar <\/b> \u2013 fortschrittliche technologische L\u00f6sungen f\u00fcr eines der ber\u00fchmtesten Wahrzeichen der Welt.&#8220; use_24_hours=&#8220;on&#8220; _builder_version=&#8220;4.27.4&#8243; _module_preset=&#8220;default&#8220; global_colors_info=&#8220;{}&#8220;][\/dtlp_vertical_timeline_child][dtlp_vertical_timeline_child icon=&#8220;&#xf085;||fa||900&#8243; title=&#8220;Entwicklung \u201eE-CON modular\u201c&#8220; subtitle=&#8220;2023&#8243; image=&#8220;https:\/\/ids-tech.de\/wp-content\/uploads\/2025\/12\/E-CON-modular_fully-withdrawable-switchboard-system.webp&#8220; image_alt=&#8220;Development of product generation \u201cE-CON modular\u201d | IDS-Technology&#8220; description=&#8220;Beginn der Entwicklung der neuen Produktgeneration <b>\u201eE-CON modular\u201c \u2013 Innovation durch modulare und flexible Systeml\u00f6sungen<\/b>.&#8220; date_time=&#8220;2021-01-01 00:00&#8243; _builder_version=&#8220;4.27.5&#8243; _module_preset=&#8220;default&#8220; link_option_url=&#8220;https:\/\/ids-tech.de\/ids-e-con-system\/#econmodular&#8220; global_colors_info=&#8220;{}&#8220;][\/dtlp_vertical_timeline_child][dtlp_vertical_timeline_child icon=&#8220;&#xf135;||fa||900&#8243; title=&#8220;Markteinf\u00fchrung \u201eE-CON modular\u201c &amp; Wasserkraftwerk Paraguay&#8220; subtitle=&#8220;2024&#8243; description=&#8220;Markteinf\u00fchrung der neuen Produktlinie mit begleitender Patentanmeldung.<\/p>\n<div><b>Gro\u00dfprojekt: Mega Hydro Power Plant, Paraguay \u00fcber SINER und GE (2024 &#8211; 2025) <\/b>\u2013 nachhaltige Energiegewinnung.<\/div>\n<p>&#8220; date_time=&#8220;2021-01-01 00:00&#8243; _builder_version=&#8220;4.27.5&#8243; _module_preset=&#8220;default&#8220; global_colors_info=&#8220;{}&#8220;][\/dtlp_vertical_timeline_child][dtlp_vertical_timeline_child icon=&#8220;&#xf46a;||fa||900&#8243; title=&#8220;\u00d6l- und Gasproduktion Aramco&#8220; subtitle=&#8220;2025&#8243; description=&#8220;<b>Gro\u00dfprojekt: Oil &amp; Gas Produktion Aramco \u00fcber Alfanar <\/b> \u2013 technologische Unterst\u00fctzung f\u00fcr die Energieversorgung der Zukunft.&#8220; date_time=&#8220;2021-01-01 00:00&#8243; _builder_version=&#8220;4.27.5&#8243; _module_preset=&#8220;default&#8220; global_colors_info=&#8220;{}&#8220;][\/dtlp_vertical_timeline_child][dtlp_vertical_timeline_child icon=&#8220;&#xf2b5;||fa||900&#8243; title=&#8220;Generationswechsel&#8220; subtitle=&#8220;2026&#8243; description=&#8220;\u00dcbergabe der Gesch\u00e4ftsf\u00fchrung an <b>Domenic Molitor<\/b> und <b>Jonas Meyer<\/b>.<\/p>\n<div>Einleitung der neuen Generation \u2013 f\u00fcr Kontinuit\u00e4t, Fortschritt und Zukunftssicherheit.<\/div>\n<p>&#8220; date_time=&#8220;2021-01-01 00:00&#8243; _builder_version=&#8220;4.27.4&#8243; _module_preset=&#8220;default&#8220; link_option_url=&#8220;https:\/\/ids-tech.de\/contact-persons\/&#8220; global_colors_info=&#8220;{}&#8220;][\/dtlp_vertical_timeline_child][\/dtlp_vertical_timeline][\/et_pb_column][\/et_pb_row][\/et_pb_section]<\/p>\n","protected":false},"excerpt":{"rendered":"<p>Unsere Unternehmensgeschichte Meilensteine &amp; Gro\u00dfprojekte der IDS-Technology GmbHHier m\u00f6chten wir Ihnen einen Einblick in unsere Geschichte und die weitere Entwicklung von IDS-Technology geben. Wir w\u00fcnschen Ihnen viel Vergn\u00fcgen beim St\u00f6bern und stehen Ihnen jederzeit f\u00fcr Fragen und Anregungen zur Verf\u00fcgung.<div class=\"et_pb_module dtlp_vertical_timeline dtlp_vertical_timeline_0\">\n\t\t\t\t\n\t\t\t\t\n\t\t\t\t\n\t\t\t\t\n\t\t\t\t\n\t\t\t\t\n\t\t\t\t<div class=\"et_pb_module_inner\">\n\t\t\t\t\t<div class=\"dtlp-module dtlp-vertical-timeline template-1\" data-scroll=\"&#8220;on&#8220;\">\r\n\t\t\t\t\r\n\t\t\t<\/div>\n\t\t\t\t<\/div>\n\t\t\t<\/div><\/p>\n","protected":false},"author":1,"featured_media":0,"parent":0,"menu_order":0,"comment_status":"closed","ping_status":"closed","template":"","meta":{"_et_pb_use_builder":"on","_et_pb_old_content":"","_et_gb_content_width":"","footnotes":""},"class_list":["post-7948","page","type-page","status-publish","hentry"],"yoast_head":"<!-- This site is optimized with the Yoast SEO plugin v27.4 - https:\/\/yoast.com\/product\/yoast-seo-wordpress\/ -->\n<title>Unternehmensgeschichte - IDS-Technology GmbH<\/title>\n<meta name=\"description\" content=\"Die Geschichte von IDS-Technology \u2013 von den Anf\u00e4ngen bis heute. Ein Blick auf unsere Entwicklung, Meilensteine und gemeinsamen Erfolge.\" \/>\n<meta name=\"robots\" content=\"index, follow, max-snippet:-1, max-image-preview:large, max-video-preview:-1\" \/>\n<link rel=\"canonical\" href=\"https:\/\/ids-tech.de\/de\/unternehmensgeschichte\/\" \/>\n<meta property=\"og:locale\" content=\"de_DE\" \/>\n<meta property=\"og:type\" content=\"article\" \/>\n<meta property=\"og:title\" content=\"Unternehmensgeschichte - IDS-Technology GmbH\" \/>\n<meta property=\"og:description\" content=\"Die Geschichte von IDS-Technology \u2013 von den Anf\u00e4ngen bis heute. Ein Blick auf unsere Entwicklung, Meilensteine und gemeinsamen Erfolge.\" \/>\n<meta property=\"og:url\" content=\"https:\/\/ids-tech.de\/de\/unternehmensgeschichte\/\" \/>\n<meta property=\"og:site_name\" content=\"IDS-Technology GmbH\" \/>\n<meta property=\"article:modified_time\" content=\"2026-02-09T10:47:23+00:00\" \/>\n<meta name=\"twitter:card\" content=\"summary_large_image\" \/>\n<meta name=\"twitter:label1\" content=\"Gesch\u00e4tzte Lesezeit\" \/>\n\t<meta name=\"twitter:data1\" content=\"7\u00a0Minuten\" \/>\n<script type=\"application\/ld+json\" class=\"yoast-schema-graph\">{\"@context\":\"https:\\\/\\\/schema.org\",\"@graph\":[{\"@type\":\"WebPage\",\"@id\":\"https:\\\/\\\/ids-tech.de\\\/de\\\/unternehmensgeschichte\\\/\",\"url\":\"https:\\\/\\\/ids-tech.de\\\/de\\\/unternehmensgeschichte\\\/\",\"name\":\"Unternehmensgeschichte - IDS-Technology GmbH\",\"isPartOf\":{\"@id\":\"https:\\\/\\\/ids-tech.de\\\/de\\\/#website\"},\"datePublished\":\"2025-07-07T11:51:16+00:00\",\"dateModified\":\"2026-02-09T10:47:23+00:00\",\"description\":\"Die Geschichte von IDS-Technology \u2013 von den Anf\u00e4ngen bis heute. Ein Blick auf unsere Entwicklung, Meilensteine und gemeinsamen Erfolge.\",\"breadcrumb\":{\"@id\":\"https:\\\/\\\/ids-tech.de\\\/de\\\/unternehmensgeschichte\\\/#breadcrumb\"},\"inLanguage\":\"de\",\"potentialAction\":[{\"@type\":\"ReadAction\",\"target\":[\"https:\\\/\\\/ids-tech.de\\\/de\\\/unternehmensgeschichte\\\/\"]}]},{\"@type\":\"BreadcrumbList\",\"@id\":\"https:\\\/\\\/ids-tech.de\\\/de\\\/unternehmensgeschichte\\\/#breadcrumb\",\"itemListElement\":[{\"@type\":\"ListItem\",\"position\":1,\"name\":\"Startseite\",\"item\":\"https:\\\/\\\/ids-tech.de\\\/de\\\/ids-technology-in-bitburg-deutschland\\\/\"},{\"@type\":\"ListItem\",\"position\":2,\"name\":\"Unternehmensgeschichte IDS-Technology | Bitburg, Germany\"}]},{\"@type\":\"WebSite\",\"@id\":\"https:\\\/\\\/ids-tech.de\\\/de\\\/#website\",\"url\":\"https:\\\/\\\/ids-tech.de\\\/de\\\/\",\"name\":\"IDS-Technology GmbH | E-CON System\",\"description\":\"Safety is our philosophy \u2013 cost-efficiency our task!\",\"publisher\":{\"@id\":\"https:\\\/\\\/ids-tech.de\\\/de\\\/#organization\"},\"potentialAction\":[{\"@type\":\"SearchAction\",\"target\":{\"@type\":\"EntryPoint\",\"urlTemplate\":\"https:\\\/\\\/ids-tech.de\\\/de\\\/?s={search_term_string}\"},\"query-input\":{\"@type\":\"PropertyValueSpecification\",\"valueRequired\":true,\"valueName\":\"search_term_string\"}}],\"inLanguage\":\"de\"},{\"@type\":\"Organization\",\"@id\":\"https:\\\/\\\/ids-tech.de\\\/de\\\/#organization\",\"name\":\"IDS-Technology GmbH | E-CON System\",\"url\":\"https:\\\/\\\/ids-tech.de\\\/de\\\/\",\"logo\":{\"@type\":\"ImageObject\",\"inLanguage\":\"de\",\"@id\":\"https:\\\/\\\/ids-tech.de\\\/de\\\/#\\\/schema\\\/logo\\\/image\\\/\",\"url\":\"https:\\\/\\\/ids-tech.de\\\/wp-content\\\/uploads\\\/2025\\\/12\\\/IDS-Technology-GmbH_E-CON-System_Bitburg-Germany_logo-black.webp\",\"contentUrl\":\"https:\\\/\\\/ids-tech.de\\\/wp-content\\\/uploads\\\/2025\\\/12\\\/IDS-Technology-GmbH_E-CON-System_Bitburg-Germany_logo-black.webp\",\"width\":900,\"height\":172,\"caption\":\"IDS-Technology GmbH | E-CON System\"},\"image\":{\"@id\":\"https:\\\/\\\/ids-tech.de\\\/de\\\/#\\\/schema\\\/logo\\\/image\\\/\"},\"sameAs\":[\"https:\\\/\\\/www.linkedin.com\\\/company\\\/ids-tech-de\\\/\"]}]}<\/script>\n<!-- \/ Yoast SEO plugin. -->","yoast_head_json":{"title":"Unternehmensgeschichte - IDS-Technology GmbH","description":"Die Geschichte von IDS-Technology \u2013 von den Anf\u00e4ngen bis heute. Ein Blick auf unsere Entwicklung, Meilensteine und gemeinsamen Erfolge.","robots":{"index":"index","follow":"follow","max-snippet":"max-snippet:-1","max-image-preview":"max-image-preview:large","max-video-preview":"max-video-preview:-1"},"canonical":"https:\/\/ids-tech.de\/de\/unternehmensgeschichte\/","og_locale":"de_DE","og_type":"article","og_title":"Unternehmensgeschichte - IDS-Technology GmbH","og_description":"Die Geschichte von IDS-Technology \u2013 von den Anf\u00e4ngen bis heute. Ein Blick auf unsere Entwicklung, Meilensteine und gemeinsamen Erfolge.","og_url":"https:\/\/ids-tech.de\/de\/unternehmensgeschichte\/","og_site_name":"IDS-Technology GmbH","article_modified_time":"2026-02-09T10:47:23+00:00","twitter_card":"summary_large_image","twitter_misc":{"Gesch\u00e4tzte Lesezeit":"7\u00a0Minuten"},"schema":{"@context":"https:\/\/schema.org","@graph":[{"@type":"WebPage","@id":"https:\/\/ids-tech.de\/de\/unternehmensgeschichte\/","url":"https:\/\/ids-tech.de\/de\/unternehmensgeschichte\/","name":"Unternehmensgeschichte - IDS-Technology GmbH","isPartOf":{"@id":"https:\/\/ids-tech.de\/de\/#website"},"datePublished":"2025-07-07T11:51:16+00:00","dateModified":"2026-02-09T10:47:23+00:00","description":"Die Geschichte von IDS-Technology \u2013 von den Anf\u00e4ngen bis heute. Ein Blick auf unsere Entwicklung, Meilensteine und gemeinsamen Erfolge.","breadcrumb":{"@id":"https:\/\/ids-tech.de\/de\/unternehmensgeschichte\/#breadcrumb"},"inLanguage":"de","potentialAction":[{"@type":"ReadAction","target":["https:\/\/ids-tech.de\/de\/unternehmensgeschichte\/"]}]},{"@type":"BreadcrumbList","@id":"https:\/\/ids-tech.de\/de\/unternehmensgeschichte\/#breadcrumb","itemListElement":[{"@type":"ListItem","position":1,"name":"Startseite","item":"https:\/\/ids-tech.de\/de\/ids-technology-in-bitburg-deutschland\/"},{"@type":"ListItem","position":2,"name":"Unternehmensgeschichte IDS-Technology | Bitburg, Germany"}]},{"@type":"WebSite","@id":"https:\/\/ids-tech.de\/de\/#website","url":"https:\/\/ids-tech.de\/de\/","name":"IDS-Technology GmbH | E-CON System","description":"Safety is our philosophy \u2013 cost-efficiency our task!","publisher":{"@id":"https:\/\/ids-tech.de\/de\/#organization"},"potentialAction":[{"@type":"SearchAction","target":{"@type":"EntryPoint","urlTemplate":"https:\/\/ids-tech.de\/de\/?s={search_term_string}"},"query-input":{"@type":"PropertyValueSpecification","valueRequired":true,"valueName":"search_term_string"}}],"inLanguage":"de"},{"@type":"Organization","@id":"https:\/\/ids-tech.de\/de\/#organization","name":"IDS-Technology GmbH | E-CON System","url":"https:\/\/ids-tech.de\/de\/","logo":{"@type":"ImageObject","inLanguage":"de","@id":"https:\/\/ids-tech.de\/de\/#\/schema\/logo\/image\/","url":"https:\/\/ids-tech.de\/wp-content\/uploads\/2025\/12\/IDS-Technology-GmbH_E-CON-System_Bitburg-Germany_logo-black.webp","contentUrl":"https:\/\/ids-tech.de\/wp-content\/uploads\/2025\/12\/IDS-Technology-GmbH_E-CON-System_Bitburg-Germany_logo-black.webp","width":900,"height":172,"caption":"IDS-Technology GmbH | E-CON System"},"image":{"@id":"https:\/\/ids-tech.de\/de\/#\/schema\/logo\/image\/"},"sameAs":["https:\/\/www.linkedin.com\/company\/ids-tech-de\/"]}]}},"_links":{"self":[{"href":"https:\/\/ids-tech.de\/de\/wp-json\/wp\/v2\/pages\/7948","targetHints":{"allow":["GET"]}}],"collection":[{"href":"https:\/\/ids-tech.de\/de\/wp-json\/wp\/v2\/pages"}],"about":[{"href":"https:\/\/ids-tech.de\/de\/wp-json\/wp\/v2\/types\/page"}],"author":[{"embeddable":true,"href":"https:\/\/ids-tech.de\/de\/wp-json\/wp\/v2\/users\/1"}],"replies":[{"embeddable":true,"href":"https:\/\/ids-tech.de\/de\/wp-json\/wp\/v2\/comments?post=7948"}],"version-history":[{"count":5,"href":"https:\/\/ids-tech.de\/de\/wp-json\/wp\/v2\/pages\/7948\/revisions"}],"predecessor-version":[{"id":9543,"href":"https:\/\/ids-tech.de\/de\/wp-json\/wp\/v2\/pages\/7948\/revisions\/9543"}],"wp:attachment":[{"href":"https:\/\/ids-tech.de\/de\/wp-json\/wp\/v2\/media?parent=7948"}],"curies":[{"name":"wp","href":"https:\/\/api.w.org\/{rel}","templated":true}]}}