{"id":7631,"date":"2025-05-06T09:33:40","date_gmt":"2025-05-06T07:33:40","guid":{"rendered":"https:\/\/idstechnology.live-website.com\/impressum\/"},"modified":"2026-02-09T11:49:57","modified_gmt":"2026-02-09T10:49:57","slug":"impressum","status":"publish","type":"page","link":"https:\/\/ids-tech.de\/de\/impressum\/","title":{"rendered":"Impressum"},"content":{"rendered":"<p>[et_pb_section fb_built=&#8220;1&#8243; custom_padding_last_edited=&#8220;on|tablet&#8220; admin_label=&#8220;EINLEITUNG ZU ALLEN PRODUKTEN&#8220; module_id=&#8220;einleitung&#8220; _builder_version=&#8220;4.27.4&#8243; _module_preset=&#8220;default&#8220; custom_padding=&#8220;70px||6px||false|false&#8220; custom_padding_tablet=&#8220;90px||30px||false|false&#8220; custom_padding_phone=&#8220;90px||30px||false|false&#8220; global_colors_info=&#8220;{}&#8220;][et_pb_row _builder_version=&#8220;4.27.4&#8243; _module_preset=&#8220;default&#8220; width=&#8220;100%&#8220; max_width=&#8220;1200px&#8220; custom_margin=&#8220;|auto|16px|auto||&#8220; custom_padding=&#8220;|20px|0px|20px|false|true&#8220; global_colors_info=&#8220;{}&#8220;][et_pb_column type=&#8220;4_4&#8243; _builder_version=&#8220;4.27.4&#8243; _module_preset=&#8220;default&#8220; global_colors_info=&#8220;{}&#8220;][et_pb_text _builder_version=&#8220;4.27.4&#8243; _module_preset=&#8220;_initial&#8220; header_font=&#8220;open sans v40 latin 700||||||||&#8220; header_text_align=&#8220;center&#8220; header_line_height=&#8220;1.3em&#8220; header_2_font=&#8220;open sans v40 latin 600||||||||&#8220; header_2_text_align=&#8220;center&#8220; header_2_font_size=&#8220;25px&#8220; header_2_line_height=&#8220;1.3em&#8220; custom_margin=&#8220;||15px|||&#8220; header_font_size_tablet=&#8220;&#8220; header_font_size_phone=&#8220;&#8220; header_font_size_last_edited=&#8220;on|desktop&#8220; header_2_font_size_tablet=&#8220;21px&#8220; header_2_font_size_phone=&#8220;17px&#8220; header_2_font_size_last_edited=&#8220;on|phone&#8220; header_2_line_height_tablet=&#8220;1.3em&#8220; header_2_line_height_phone=&#8220;1.4em&#8220; header_2_line_height_last_edited=&#8220;on|desktop&#8220; text_orientation_tablet=&#8220;left&#8220; text_orientation_phone=&#8220;left&#8220; global_colors_info=&#8220;{}&#8220;]<\/p>\n<h1 class=\"uk-article-title\">IDS-Technology &#8211; Impressum<\/h1>\n<p>[\/et_pb_text][et_pb_text _builder_version=&#8220;4.27.5&#8243; _module_preset=&#8220;default&#8220; header_text_align=&#8220;center&#8220; header_2_text_align=&#8220;center&#8220; header_3_text_align=&#8220;center&#8220; header_3_font_size=&#8220;21px&#8220; text_orientation=&#8220;center&#8220; width=&#8220;100%&#8220; module_alignment=&#8220;center&#8220; text_orientation_last_edited=&#8220;off|desktop&#8220; global_colors_info=&#8220;{}&#8220;]<\/p>\n<p>Hier finden Sie das Impressum von IDS-Technology. Wenn Sie weitere Informationen ben\u00f6tigen, k\u00f6nnen Sie uns gerne \u00fcber unser <a href=\"#contactform\" title=\"Hier finden Sie unser Kontaktformular von IDS-Technology.\">Kontaktformular<\/a> kontaktieren.<\/p>\n<p>[\/et_pb_text][\/et_pb_column][\/et_pb_row][\/et_pb_section][et_pb_section fb_built=&#8220;1&#8243; admin_label=&#8220;About&#8220; _builder_version=&#8220;4.16&#8243; background_enable_color=&#8220;off&#8220; custom_margin=&#8220;||||false|false&#8220; custom_padding=&#8220;12px||0px||false|false&#8220; global_colors_info=&#8220;{}&#8220;][et_pb_row _builder_version=&#8220;4.27.5&#8243; width=&#8220;100%&#8220; max_width=&#8220;1200px&#8220; custom_margin=&#8220;|auto|12px|auto||&#8220; custom_padding=&#8220;9px||1px|20px|false|false&#8220; animation_style=&#8220;fade&#8220; global_colors_info=&#8220;{}&#8220;][et_pb_column type=&#8220;4_4&#8243; _builder_version=&#8220;4.16&#8243; custom_padding=&#8220;|||&#8220; global_colors_info=&#8220;{}&#8220; custom_padding__hover=&#8220;|||&#8220;][et_pb_text _builder_version=&#8220;4.27.5&#8243; _module_preset=&#8220;default&#8220; global_colors_info=&#8220;{}&#8220;]<\/p>\n[et_pb_code _builder_version=\"4.27.5\" _module_preset=\"default\" custom_margin=\"2px|||||\" hover_enabled=\"0\" saved_tabs=\"all\" template_type=\"module\" global_colors_info=\"{}\" theme_builder_area=\"post_content\" sticky_enabled=\"0\"]<div style=\"word-wrap: break-word;\">\n\n<p>IDS-Technology GmbH<br \/>\nJohannes-Kepler-Stra&szlig;e 8<br \/>\nD-54634 Bitburg (Rheinland-Pfalz)<\/p>\n\n<p>Handelsregister: 40419<br \/>\nRegistergericht: Amtsgericht Wittlich<\/p>\n\n<p><strong>Vertreten durch:<\/strong><br \/>\nGesch&auml;ftsf&uuml;hrer: Jonas Meyer, Domenic Molitor<\/p>\n\n<h2>Kontakt<\/h2>\n<p>Telefon: +49 (0) 6561 \/ 94827 &ndash; 0<br \/>\nTelefax: +49 (0) 6561 \/ 94827-20<br \/>\nE-Mail: info@ids-tech.de<\/p>\n\n<h2>Umsatzsteuer-ID<\/h2>\n<p>Umsatzsteuer-Identifikationsnummer gem&auml;&szlig; &sect; 27 a Umsatzsteuergesetz:<br \/>\nDE249103816<\/p>\n\n<h2>Angaben zur Berufs&shy;haftpflicht&shy;versicherung<\/h2>\n<p><strong>Name und Sitz des Versicherers:<\/strong><br \/>\nBetriebshaftpflichtversicherung <br \/>\r\nProvinzial Rheinland Versicherung AG<br \/>\r\nProvinzialplatz 1<br \/>\r\nD-40591 D&uuml;sseldorf<\/p>\n<p><strong>Geltungsraum der Versicherung:<\/strong><br \/>Deutschland, Europa, weltweit au&szlig;er Nordamerika<\/p>\n\n<h2>Redaktionell verantwortlich<\/h2>\n<p>Gesch&auml;ftsf&uuml;hrer: Jonas Meyer, Domenic Molitor<br \/>\r\n<br \/>\r\nIDS-Technology<br \/>\r\nJohannes-Kepler-Stra&szlig;e 8, D-54634 Bitburg<br \/>\r\n(Rheinland-Pfalz, Deutschland)<br \/>\r\n<br \/>\r\nTelefon: +49 (0) 6561 \/ 94827 &ndash; 0<br \/>\r\nFax: +49 (0) 6561 \/ 94827 - 20<br \/>\r\nE-Mail: info@ids-tech.de<\/p>\n\n<h2>Verbraucher&shy;streit&shy;beilegung\/Universal&shy;schlichtungs&shy;stelle<\/h2>\n<p>Wir sind nicht bereit oder verpflichtet, an Streitbeilegungsverfahren vor einer Verbraucherschlichtungsstelle teilzunehmen.<\/p><\/div>[\/et_pb_code]\n<p>[\/et_pb_text][et_pb_divider color=&#8220;#e5e5e5&#8243; divider_weight=&#8220;9px&#8220; _builder_version=&#8220;4.27.5&#8243; _module_preset=&#8220;default&#8220; global_colors_info=&#8220;{}&#8220;][\/et_pb_divider][\/et_pb_column][\/et_pb_row][et_pb_row _builder_version=&#8220;4.27.5&#8243; _module_preset=&#8220;default&#8220; width=&#8220;100%&#8220; max_width=&#8220;1200px&#8220; custom_padding=&#8220;4px|20px|49px|20px|false|true&#8220; global_colors_info=&#8220;{}&#8220;][et_pb_column type=&#8220;4_4&#8243; _builder_version=&#8220;4.16&#8243; _module_preset=&#8220;default&#8220; global_colors_info=&#8220;{}&#8220;][et_pb_text _builder_version=&#8220;4.27.4&#8243; _module_preset=&#8220;default&#8220; header_2_text_align=&#8220;left&#8220; header_2_font_size=&#8220;29px&#8220; header_2_line_height=&#8220;1.3em&#8220; custom_margin=&#8220;||3px|||&#8220; global_colors_info=&#8220;{}&#8220;]<\/p>\n<div class=\"et_pb_column et_pb_column_4_4 et_pb_column_1 et_pb_css_mix_blend_mode_passthrough et-last-child\">\n<div class=\"et_pb_module et_pb_text et_pb_text_0 et_pb_text_align_left et_pb_bg_layout_light\">\n<div class=\"et_pb_text_inner\">\n<h2>Foto-Urheberrechte<\/h2>\n<\/div>\n<\/div>\n<\/div>\n<p>\u00a9IDS-Technology, \u00a9Bohl Design &amp; Kommunikation, \u00a9creativenature.nl\/<a href=\"http:\/\/stock.adobe.com\/\" target=\"_blank\" rel=\"noopener\">stock.adobe.com<\/a>, \u00a9Dennis Mohr\/<a href=\"http:\/\/stock.adobe.com\/\" target=\"_blank\" rel=\"noopener\">stock.adobe.com<\/a>, \u00a9sbw19\/<a href=\"http:\/\/stock.adobe.com\/\" target=\"_blank\" rel=\"noopener\">stock.adobe.com<\/a>, \u00a9Igor Mojzes\/<a href=\"https:\/\/de.fotolia.com\/\" target=\"_blank\" rel=\"noopener\">fotolia.de <\/a>, \u00a9ImageFlow\/<a href=\"http:\/\/stock.adobe.com\/\" target=\"_blank\" rel=\"noopener\">stock.adobe.com<\/a>, \u00a9flashmovie\/<a href=\"http:\/\/stock.adobe.com\/\" target=\"_blank\" rel=\"noopener\">stock.adobe.com<\/a>, \u00a9chanut\/<a href=\"http:\/\/stock.adobe.com\/\" target=\"_blank\" rel=\"noopener\">stock.adobe.com<\/a>, \u00a9Vera\/<a href=\"http:\/\/stock.adobe.com\/\" target=\"_blank\" rel=\"noopener\">stock.adobe.com<\/a>, \u00a9chinnawat\/<a href=\"http:\/\/stock.adobe.com\/\" target=\"_blank\" rel=\"noopener\">stock.adobe.com<\/a>, \u00a9dimazel\/<a href=\"http:\/\/stock.adobe.com\/\" target=\"_blank\" rel=\"noopener\">stock.adobe.com<\/a>, \u00a9Alexandr\/<a href=\"http:\/\/stock.adobe.com\/\" target=\"_blank\" rel=\"noopener\">stock.adobe.com<\/a>, \u00a9Orkhan\/<a href=\"http:\/\/stock.adobe.com\/\" target=\"_blank\" rel=\"noopener\">stock.adobe.com<\/a>, \u00a9Jang\/<a href=\"http:\/\/stock.adobe.com\/\" target=\"_blank\" rel=\"noopener\">stock.adobe.com<\/a>, \u00a9Image Alchemy\/<a href=\"http:\/\/stock.adobe.com\/\" target=\"_blank\" rel=\"noopener\">stock.adobe.com<\/a>, \u00a9diegograndi\/<a href=\"http:\/\/stock.adobe.com\/\" target=\"_blank\" rel=\"noopener\">stock.adobe.com<\/a>, \u00a9PixelPerfected\/<a href=\"http:\/\/stock.adobe.com\/\" target=\"_blank\" rel=\"noopener\">stock.adobe.com<\/a>, \u00a9mikhailberkut\/<a href=\"http:\/\/stock.adobe.com\/\" target=\"_blank\" rel=\"noopener\">stock.adobe.com<\/a>, \u00a9MDBURHAN\/<a href=\"http:\/\/stock.adobe.com\/\" target=\"_blank\" rel=\"noopener\">stock.adobe.com<\/a>, \u00a9\u0e40\u0e25\u0e34\u0e28\u0e25\u0e31\u0e01\u0e29\u0e13\u0e4c \u0e17\u0e34\u0e1e\u0e0a\u0e31\u0e22\/<a href=\"http:\/\/stock.adobe.com\/\" target=\"_blank\" rel=\"noopener\">stock.adobe.com<\/a>, \u00a9Julia\/<a href=\"http:\/\/stock.adobe.com\/\" target=\"_blank\" rel=\"noopener\">stock.adobe.com<\/a><\/p>\n<p>[\/et_pb_text][et_pb_code admin_label=&#8220;SUPRESS USERCENTRICS&#8220; _builder_version=&#8220;4.27.5&#8243; _module_preset=&#8220;default&#8220; global_module=&#8220;6962&#8243; global_colors_info=&#8220;{}&#8220;]<script type=\"application\/javascript\"> var UC_UI_SUPPRESS_CMP_DISPLAY=true;<\/script>[\/et_pb_code][\/et_pb_column][\/et_pb_row][\/et_pb_section]<\/p>\n","protected":false},"excerpt":{"rendered":"<p>IDS-Technology &#8211; ImpressumHier finden Sie das Impressum von IDS-Technology. Wenn Sie weitere Informationen ben\u00f6tigen, k\u00f6nnen Sie uns gerne \u00fcber unser Kontaktformular kontaktieren.<div class=\"et_pb_module et_pb_code et_pb_code_0\">\n\t\t\t\t\n\t\t\t\t\n\t\t\t\t\n\t\t\t\t\n\t\t\t\t<div class=\"et_pb_code_inner\"><div style=\"word-wrap: break-word;\">\n\n<p>IDS-Technology GmbH<br \/>\nJohannes-Kepler-Stra&szlig;e 8<br \/>\nD-54634 Bitburg (Rheinland-Pfalz)<\/p>\n\n<p>Handelsregister: 40419<br \/>\nRegistergericht: Amtsgericht Wittlich<\/p>\n\n<p><strong>Vertreten durch:<\/strong><br \/>\nGesch&auml;ftsf&uuml;hrer: Jonas Meyer, Domenic Molitor<\/p>\n\n<h2>Kontakt<\/h2>\n<p>Telefon: +49 (0) 6561 \/ 94827 &ndash; 0<br \/>\nTelefax: +49 (0) 6561 \/ 94827-20<br \/>\nE-Mail: info@ids-tech.de<\/p>\n\n<h2>Umsatzsteuer-ID<\/h2>\n<p>Umsatzsteuer-Identifikationsnummer gem&auml;&szlig; &sect; 27 a Umsatzsteuergesetz:<br \/>\nDE249103816<\/p>\n\n<h2>Angaben zur Berufs&shy;haftpflicht&shy;versicherung<\/h2>\n<p><strong>Name und Sitz des Versicherers:<\/strong><br \/>\nBetriebshaftpflichtversicherung <br \/>\r\nProvinzial Rheinland Versicherung AG<br \/>\r\nProvinzialplatz 1<br \/>\r\nD-40591 D&uuml;sseldorf<\/p>\n<p><strong>Geltungsraum der Versicherung:<\/strong><br \/>Deutschland, Europa, weltweit au&szlig;er Nordamerika<\/p>\n\n<h2>Redaktionell verantwortlich<\/h2>\n<p>Gesch&auml;ftsf&uuml;hrer: Jonas Meyer, Domenic Molitor<br \/>\r\n<br \/>\r\nIDS-Technology<br \/>\r\nJohannes-Kepler-Stra&szlig;e 8, D-54634 Bitburg<br \/>\r\n(Rheinland-Pfalz, Deutschland)<br \/>\r\n<br \/>\r\nTelefon: +49 (0) 6561 \/ 94827 &ndash; 0<br \/>\r\nFax: +49 (0) 6561 \/ 94827 - 20<br \/>\r\nE-Mail: info@ids-tech.de<\/p>\n\n<h2>Verbraucher&shy;streit&shy;beilegung\/Universal&shy;schlichtungs&shy;stelle<\/h2>\n<p>Wir sind nicht bereit oder verpflichtet, an Streitbeilegungsverfahren vor einer Verbraucherschlichtungsstelle teilzunehmen.<\/p><\/div><\/div>\n\t\t\t<\/div> Foto-Urheberrechte \u00a9IDS-Technology, \u00a9Bohl Design &amp; Kommunikation, \u00a9creativenature.nl\/stock.adobe.com, \u00a9Dennis Mohr\/stock.adobe.com, \u00a9sbw19\/stock.adobe.com, \u00a9Igor Mojzes\/fotolia.de , \u00a9ImageFlow\/stock.adobe.com, \u00a9flashmovie\/stock.adobe.com, \u00a9chanut\/stock.adobe.com, \u00a9Vera\/stock.adobe.com, \u00a9chinnawat\/stock.adobe.com, \u00a9dimazel\/stock.adobe.com, \u00a9Alexandr\/stock.adobe.com, \u00a9Orkhan\/stock.adobe.com, \u00a9Jang\/stock.adobe.com, \u00a9Image Alchemy\/stock.adobe.com, \u00a9diegograndi\/stock.adobe.com, \u00a9PixelPerfected\/stock.adobe.com, \u00a9mikhailberkut\/stock.adobe.com, \u00a9MDBURHAN\/stock.adobe.com, \u00a9\u0e40\u0e25\u0e34\u0e28\u0e25\u0e31\u0e01\u0e29\u0e13\u0e4c \u0e17\u0e34\u0e1e\u0e0a\u0e31\u0e22\/stock.adobe.com, \u00a9Julia\/stock.adobe.com<\/p>\n","protected":false},"author":1,"featured_media":0,"parent":0,"menu_order":0,"comment_status":"closed","ping_status":"closed","template":"","meta":{"_et_pb_use_builder":"on","_et_pb_old_content":"","_et_gb_content_width":"","footnotes":""},"class_list":["post-7631","page","type-page","status-publish","hentry"],"yoast_head":"<!-- This site is optimized with the Yoast SEO plugin v27.4 - https:\/\/yoast.com\/product\/yoast-seo-wordpress\/ -->\n<title>Impressum - IDS-Technology GmbH<\/title>\n<meta name=\"description\" content=\"Hier finden Sie das Impressum von IDS-Technology. F\u00fcr weitere Informationen k\u00f6nnen Sie uns gerne \u00fcber unser Kontaktformular oder telefonisch kontaktieren.\" \/>\n<meta name=\"robots\" content=\"index, follow, max-snippet:-1, max-image-preview:large, max-video-preview:-1\" \/>\n<link rel=\"canonical\" href=\"https:\/\/ids-tech.de\/de\/impressum\/\" \/>\n<meta property=\"og:locale\" content=\"de_DE\" \/>\n<meta property=\"og:type\" content=\"article\" \/>\n<meta property=\"og:title\" content=\"Impressum - IDS-Technology GmbH\" \/>\n<meta property=\"og:description\" content=\"Hier finden Sie das Impressum von IDS-Technology. F\u00fcr weitere Informationen k\u00f6nnen Sie uns gerne \u00fcber unser Kontaktformular oder telefonisch kontaktieren.\" \/>\n<meta property=\"og:url\" content=\"https:\/\/ids-tech.de\/de\/impressum\/\" \/>\n<meta property=\"og:site_name\" content=\"IDS-Technology GmbH\" \/>\n<meta property=\"article:modified_time\" content=\"2026-02-09T10:49:57+00:00\" \/>\n<meta name=\"twitter:card\" content=\"summary_large_image\" \/>\n<meta name=\"twitter:label1\" content=\"Gesch\u00e4tzte Lesezeit\" \/>\n\t<meta name=\"twitter:data1\" content=\"3\u00a0Minuten\" \/>\n<script type=\"application\/ld+json\" class=\"yoast-schema-graph\">{\"@context\":\"https:\\\/\\\/schema.org\",\"@graph\":[{\"@type\":\"WebPage\",\"@id\":\"https:\\\/\\\/ids-tech.de\\\/de\\\/impressum\\\/\",\"url\":\"https:\\\/\\\/ids-tech.de\\\/de\\\/impressum\\\/\",\"name\":\"Impressum - IDS-Technology GmbH\",\"isPartOf\":{\"@id\":\"https:\\\/\\\/ids-tech.de\\\/de\\\/#website\"},\"datePublished\":\"2025-05-06T07:33:40+00:00\",\"dateModified\":\"2026-02-09T10:49:57+00:00\",\"description\":\"Hier finden Sie das Impressum von IDS-Technology. F\u00fcr weitere Informationen k\u00f6nnen Sie uns gerne \u00fcber unser Kontaktformular oder telefonisch kontaktieren.\",\"breadcrumb\":{\"@id\":\"https:\\\/\\\/ids-tech.de\\\/de\\\/impressum\\\/#breadcrumb\"},\"inLanguage\":\"de\",\"potentialAction\":[{\"@type\":\"ReadAction\",\"target\":[\"https:\\\/\\\/ids-tech.de\\\/de\\\/impressum\\\/\"]}]},{\"@type\":\"BreadcrumbList\",\"@id\":\"https:\\\/\\\/ids-tech.de\\\/de\\\/impressum\\\/#breadcrumb\",\"itemListElement\":[{\"@type\":\"ListItem\",\"position\":1,\"name\":\"Startseite\",\"item\":\"https:\\\/\\\/ids-tech.de\\\/de\\\/ids-technology-in-bitburg-deutschland\\\/\"},{\"@type\":\"ListItem\",\"position\":2,\"name\":\"Impressum\"}]},{\"@type\":\"WebSite\",\"@id\":\"https:\\\/\\\/ids-tech.de\\\/de\\\/#website\",\"url\":\"https:\\\/\\\/ids-tech.de\\\/de\\\/\",\"name\":\"IDS-Technology GmbH | E-CON System\",\"description\":\"Safety is our philosophy \u2013 cost-efficiency our task!\",\"publisher\":{\"@id\":\"https:\\\/\\\/ids-tech.de\\\/de\\\/#organization\"},\"potentialAction\":[{\"@type\":\"SearchAction\",\"target\":{\"@type\":\"EntryPoint\",\"urlTemplate\":\"https:\\\/\\\/ids-tech.de\\\/de\\\/?s={search_term_string}\"},\"query-input\":{\"@type\":\"PropertyValueSpecification\",\"valueRequired\":true,\"valueName\":\"search_term_string\"}}],\"inLanguage\":\"de\"},{\"@type\":\"Organization\",\"@id\":\"https:\\\/\\\/ids-tech.de\\\/de\\\/#organization\",\"name\":\"IDS-Technology GmbH | E-CON System\",\"url\":\"https:\\\/\\\/ids-tech.de\\\/de\\\/\",\"logo\":{\"@type\":\"ImageObject\",\"inLanguage\":\"de\",\"@id\":\"https:\\\/\\\/ids-tech.de\\\/de\\\/#\\\/schema\\\/logo\\\/image\\\/\",\"url\":\"https:\\\/\\\/ids-tech.de\\\/wp-content\\\/uploads\\\/2025\\\/12\\\/IDS-Technology-GmbH_E-CON-System_Bitburg-Germany_logo-black.webp\",\"contentUrl\":\"https:\\\/\\\/ids-tech.de\\\/wp-content\\\/uploads\\\/2025\\\/12\\\/IDS-Technology-GmbH_E-CON-System_Bitburg-Germany_logo-black.webp\",\"width\":900,\"height\":172,\"caption\":\"IDS-Technology GmbH | E-CON System\"},\"image\":{\"@id\":\"https:\\\/\\\/ids-tech.de\\\/de\\\/#\\\/schema\\\/logo\\\/image\\\/\"},\"sameAs\":[\"https:\\\/\\\/www.linkedin.com\\\/company\\\/ids-tech-de\\\/\"]}]}<\/script>\n<!-- \/ Yoast SEO plugin. -->","yoast_head_json":{"title":"Impressum - IDS-Technology GmbH","description":"Hier finden Sie das Impressum von IDS-Technology. F\u00fcr weitere Informationen k\u00f6nnen Sie uns gerne \u00fcber unser Kontaktformular oder telefonisch kontaktieren.","robots":{"index":"index","follow":"follow","max-snippet":"max-snippet:-1","max-image-preview":"max-image-preview:large","max-video-preview":"max-video-preview:-1"},"canonical":"https:\/\/ids-tech.de\/de\/impressum\/","og_locale":"de_DE","og_type":"article","og_title":"Impressum - IDS-Technology GmbH","og_description":"Hier finden Sie das Impressum von IDS-Technology. F\u00fcr weitere Informationen k\u00f6nnen Sie uns gerne \u00fcber unser Kontaktformular oder telefonisch kontaktieren.","og_url":"https:\/\/ids-tech.de\/de\/impressum\/","og_site_name":"IDS-Technology GmbH","article_modified_time":"2026-02-09T10:49:57+00:00","twitter_card":"summary_large_image","twitter_misc":{"Gesch\u00e4tzte Lesezeit":"3\u00a0Minuten"},"schema":{"@context":"https:\/\/schema.org","@graph":[{"@type":"WebPage","@id":"https:\/\/ids-tech.de\/de\/impressum\/","url":"https:\/\/ids-tech.de\/de\/impressum\/","name":"Impressum - IDS-Technology GmbH","isPartOf":{"@id":"https:\/\/ids-tech.de\/de\/#website"},"datePublished":"2025-05-06T07:33:40+00:00","dateModified":"2026-02-09T10:49:57+00:00","description":"Hier finden Sie das Impressum von IDS-Technology. F\u00fcr weitere Informationen k\u00f6nnen Sie uns gerne \u00fcber unser Kontaktformular oder telefonisch kontaktieren.","breadcrumb":{"@id":"https:\/\/ids-tech.de\/de\/impressum\/#breadcrumb"},"inLanguage":"de","potentialAction":[{"@type":"ReadAction","target":["https:\/\/ids-tech.de\/de\/impressum\/"]}]},{"@type":"BreadcrumbList","@id":"https:\/\/ids-tech.de\/de\/impressum\/#breadcrumb","itemListElement":[{"@type":"ListItem","position":1,"name":"Startseite","item":"https:\/\/ids-tech.de\/de\/ids-technology-in-bitburg-deutschland\/"},{"@type":"ListItem","position":2,"name":"Impressum"}]},{"@type":"WebSite","@id":"https:\/\/ids-tech.de\/de\/#website","url":"https:\/\/ids-tech.de\/de\/","name":"IDS-Technology GmbH | E-CON System","description":"Safety is our philosophy \u2013 cost-efficiency our task!","publisher":{"@id":"https:\/\/ids-tech.de\/de\/#organization"},"potentialAction":[{"@type":"SearchAction","target":{"@type":"EntryPoint","urlTemplate":"https:\/\/ids-tech.de\/de\/?s={search_term_string}"},"query-input":{"@type":"PropertyValueSpecification","valueRequired":true,"valueName":"search_term_string"}}],"inLanguage":"de"},{"@type":"Organization","@id":"https:\/\/ids-tech.de\/de\/#organization","name":"IDS-Technology GmbH | E-CON System","url":"https:\/\/ids-tech.de\/de\/","logo":{"@type":"ImageObject","inLanguage":"de","@id":"https:\/\/ids-tech.de\/de\/#\/schema\/logo\/image\/","url":"https:\/\/ids-tech.de\/wp-content\/uploads\/2025\/12\/IDS-Technology-GmbH_E-CON-System_Bitburg-Germany_logo-black.webp","contentUrl":"https:\/\/ids-tech.de\/wp-content\/uploads\/2025\/12\/IDS-Technology-GmbH_E-CON-System_Bitburg-Germany_logo-black.webp","width":900,"height":172,"caption":"IDS-Technology GmbH | E-CON System"},"image":{"@id":"https:\/\/ids-tech.de\/de\/#\/schema\/logo\/image\/"},"sameAs":["https:\/\/www.linkedin.com\/company\/ids-tech-de\/"]}]}},"_links":{"self":[{"href":"https:\/\/ids-tech.de\/de\/wp-json\/wp\/v2\/pages\/7631","targetHints":{"allow":["GET"]}}],"collection":[{"href":"https:\/\/ids-tech.de\/de\/wp-json\/wp\/v2\/pages"}],"about":[{"href":"https:\/\/ids-tech.de\/de\/wp-json\/wp\/v2\/types\/page"}],"author":[{"embeddable":true,"href":"https:\/\/ids-tech.de\/de\/wp-json\/wp\/v2\/users\/1"}],"replies":[{"embeddable":true,"href":"https:\/\/ids-tech.de\/de\/wp-json\/wp\/v2\/comments?post=7631"}],"version-history":[{"count":11,"href":"https:\/\/ids-tech.de\/de\/wp-json\/wp\/v2\/pages\/7631\/revisions"}],"predecessor-version":[{"id":9547,"href":"https:\/\/ids-tech.de\/de\/wp-json\/wp\/v2\/pages\/7631\/revisions\/9547"}],"wp:attachment":[{"href":"https:\/\/ids-tech.de\/de\/wp-json\/wp\/v2\/media?parent=7631"}],"curies":[{"name":"wp","href":"https:\/\/api.w.org\/{rel}","templated":true}]}}