{"id":7625,"date":"2025-06-06T16:06:24","date_gmt":"2025-06-06T14:06:24","guid":{"rendered":"https:\/\/idstechnology.live-website.com\/kontakt\/"},"modified":"2026-04-16T17:30:12","modified_gmt":"2026-04-16T15:30:12","slug":"kontakt","status":"publish","type":"page","link":"https:\/\/ids-tech.de\/de\/kontakt\/","title":{"rendered":"Kontaktm\u00f6glichkeiten und allgemeine Informationen von IDS-Technology"},"content":{"rendered":"<p>[et_pb_section fb_built=&#8220;1&#8243; custom_padding_last_edited=&#8220;on|tablet&#8220; admin_label=&#8220;EINLEITUNG ZU ALLEN PRODUKTEN&#8220; module_id=&#8220;einleitung&#8220; _builder_version=&#8220;4.27.4&#8243; _module_preset=&#8220;default&#8220; custom_padding=&#8220;70px||25px||false|false&#8220; custom_padding_tablet=&#8220;90px||30px||false|false&#8220; custom_padding_phone=&#8220;90px||30px||false|false&#8220; global_colors_info=&#8220;{}&#8220;][et_pb_row _builder_version=&#8220;4.27.4&#8243; _module_preset=&#8220;default&#8220; custom_margin=&#8220;|auto|4px|auto||&#8220; global_colors_info=&#8220;{}&#8220;][et_pb_column type=&#8220;4_4&#8243; _builder_version=&#8220;4.27.4&#8243; _module_preset=&#8220;default&#8220; global_colors_info=&#8220;{}&#8220;][et_pb_text _builder_version=&#8220;4.27.4&#8243; _module_preset=&#8220;_initial&#8220; header_font=&#8220;open sans v40 latin 700||||||||&#8220; header_text_align=&#8220;center&#8220; header_line_height=&#8220;1.3em&#8220; header_2_font=&#8220;open sans v40 latin 600||||||||&#8220; header_2_text_align=&#8220;center&#8220; header_2_font_size=&#8220;25px&#8220; header_2_line_height=&#8220;1.3em&#8220; text_orientation=&#8220;center&#8220; custom_margin=&#8220;||15px|||&#8220; header_font_size_tablet=&#8220;&#8220; header_font_size_phone=&#8220;&#8220; header_font_size_last_edited=&#8220;on|desktop&#8220; header_2_font_size_tablet=&#8220;21px&#8220; header_2_font_size_phone=&#8220;17px&#8220; header_2_font_size_last_edited=&#8220;on|phone&#8220; header_2_line_height_tablet=&#8220;1.3em&#8220; header_2_line_height_phone=&#8220;1.4em&#8220; header_2_line_height_last_edited=&#8220;on|desktop&#8220; text_orientation_tablet=&#8220;left&#8220; text_orientation_phone=&#8220;left&#8220; global_colors_info=&#8220;{}&#8220;]<\/p>\n<h1>Kontaktm\u00f6glichkeiten und allgemeine Informationen<\/h1>\n<p>[\/et_pb_text][et_pb_text _builder_version=&#8220;4.27.4&#8243; _module_preset=&#8220;default&#8220; header_text_align=&#8220;center&#8220; header_2_text_align=&#8220;center&#8220; header_3_text_align=&#8220;center&#8220; header_3_font_size=&#8220;21px&#8220; text_orientation=&#8220;center&#8220; width=&#8220;100%&#8220; module_alignment=&#8220;center&#8220; global_colors_info=&#8220;{}&#8220;]<\/p>\n<p>In diesem Abschnitt finden Sie unsere Ansprechpartner, Kontaktm\u00f6glichkeiten und Informationen \u00fcber unsere Website. Wenn Sie weitere Fragen oder Anregungen haben, rufen Sie uns bitte an oder schreiben Sie uns \u00fcber unser Kontaktformular.<\/p>\n<p>[\/et_pb_text][\/et_pb_column][\/et_pb_row][et_pb_row column_structure=&#8220;1_4,1_4,1_4,1_4&#8243; _builder_version=&#8220;4.27.4&#8243; _module_preset=&#8220;default&#8220; custom_margin=&#8220;|auto|42px|auto||&#8220; custom_padding=&#8220;13px|20px||20px|false|true&#8220; global_colors_info=&#8220;{}&#8220;][et_pb_column type=&#8220;1_4&#8243; _builder_version=&#8220;4.27.4&#8243; _module_preset=&#8220;default&#8220; global_colors_info=&#8220;{}&#8220;][et_pb_blurb title=&#8220;Ansprechpartner&#8220; use_icon=&#8220;on&#8220; font_icon=&#8220;&#xf0c0;||fa||900&#8243; icon_color=&#8220;#E30713&#8243; image_icon_width=&#8220;75px&#8220; _builder_version=&#8220;4.27.4&#8243; _module_preset=&#8220;default&#8220; header_level=&#8220;h2&#8243; header_text_align=&#8220;center&#8220; header_font_size=&#8220;23px&#8220; header_line_height=&#8220;1.3em&#8220; body_text_align=&#8220;center&#8220; link_option_url=&#8220;https:\/\/ids-tech.de\/contact-persons\/&#8220; custom_css_blurb_title=&#8220;margin-top:-20px;&#8220; global_colors_info=&#8220;{}&#8220;][\/et_pb_blurb][\/et_pb_column][et_pb_column type=&#8220;1_4&#8243; _builder_version=&#8220;4.27.4&#8243; _module_preset=&#8220;default&#8220; global_colors_info=&#8220;{}&#8220;][et_pb_blurb title=&#8220;Kontaktformular und Adresse&#8220; use_icon=&#8220;on&#8220; font_icon=&#8220;&#x6c;||divi||400&#8243; icon_color=&#8220;#E30713&#8243; image_icon_width=&#8220;75px&#8220; _builder_version=&#8220;4.27.4&#8243; _module_preset=&#8220;default&#8220; header_level=&#8220;h2&#8243; header_text_align=&#8220;center&#8220; header_font_size=&#8220;23px&#8220; header_line_height=&#8220;1.3em&#8220; body_text_align=&#8220;center&#8220; link_option_url=&#8220;#contactform&#8220; custom_css_blurb_title=&#8220;margin-top:-20px;&#8220; global_colors_info=&#8220;{}&#8220;][\/et_pb_blurb][\/et_pb_column][et_pb_column type=&#8220;1_4&#8243; _builder_version=&#8220;4.27.4&#8243; _module_preset=&#8220;default&#8220; global_colors_info=&#8220;{}&#8220;][et_pb_blurb title=&#8220;Impressum&#8220; use_icon=&#8220;on&#8220; font_icon=&#8220;&#x70;||divi||400&#8243; icon_color=&#8220;#E30713&#8243; image_icon_width=&#8220;75px&#8220; _builder_version=&#8220;4.27.4&#8243; _module_preset=&#8220;default&#8220; header_level=&#8220;h2&#8243; header_text_align=&#8220;center&#8220; header_font_size=&#8220;23px&#8220; header_line_height=&#8220;1.3em&#8220; body_text_align=&#8220;center&#8220; link_option_url=&#8220;https:\/\/ids-tech.de\/imprint\/&#8220; custom_css_blurb_title=&#8220;margin-top:-20px;&#8220; global_colors_info=&#8220;{}&#8220;][\/et_pb_blurb][\/et_pb_column][et_pb_column type=&#8220;1_4&#8243; _builder_version=&#8220;4.27.4&#8243; _module_preset=&#8220;default&#8220; global_colors_info=&#8220;{}&#8220;][et_pb_blurb title=&#8220;Datenschutzerkl\u00e4rung&#8220; use_icon=&#8220;on&#8220; font_icon=&#8220;&#xf502;||fa||900&#8243; icon_color=&#8220;#E30713&#8243; image_icon_width=&#8220;75px&#8220; _builder_version=&#8220;4.27.4&#8243; _module_preset=&#8220;default&#8220; header_level=&#8220;h2&#8243; header_text_align=&#8220;center&#8220; header_font_size=&#8220;23px&#8220; header_line_height=&#8220;1.3em&#8220; body_text_align=&#8220;center&#8220; link_option_url=&#8220;https:\/\/ids-tech.de\/privacy-policy\/&#8220; custom_css_blurb_title=&#8220;margin-top:-20px;&#8220; global_colors_info=&#8220;{}&#8220;][\/et_pb_blurb][\/et_pb_column][\/et_pb_row][\/et_pb_section]<\/p>\n","protected":false},"excerpt":{"rendered":"<p>Kontaktm\u00f6glichkeiten und allgemeine InformationenIn diesem Abschnitt finden Sie unsere Ansprechpartner, Kontaktm\u00f6glichkeiten und Informationen \u00fcber unsere Website. Wenn Sie weitere Fragen oder Anregungen haben, rufen Sie uns bitte an oder schreiben Sie uns \u00fcber unser Kontaktformular.<\/p>\n","protected":false},"author":1,"featured_media":0,"parent":0,"menu_order":0,"comment_status":"closed","ping_status":"closed","template":"","meta":{"_et_pb_use_builder":"on","_et_pb_old_content":"","_et_gb_content_width":"","footnotes":""},"class_list":["post-7625","page","type-page","status-publish","hentry"],"yoast_head":"<!-- This site is optimized with the Yoast SEO plugin v27.4 - https:\/\/yoast.com\/product\/yoast-seo-wordpress\/ -->\n<title>Kontaktm\u00f6glichkeiten und allgemeine Informationen von - IDS-Technology GmbH<\/title>\n<meta name=\"description\" content=\"In diesem Bereich finden Sie unsere Ansprechpartner, weitere Kontaktm\u00f6glichkeiten und Informationen \u00fcber unser Unternehmen. Wir freuen uns auf ein Gespr\u00e4ch mit Ihnen.\" \/>\n<meta name=\"robots\" content=\"index, follow, max-snippet:-1, max-image-preview:large, max-video-preview:-1\" \/>\n<link rel=\"canonical\" href=\"https:\/\/ids-tech.de\/de\/kontakt\/\" \/>\n<meta property=\"og:locale\" content=\"de_DE\" \/>\n<meta property=\"og:type\" content=\"article\" \/>\n<meta property=\"og:title\" content=\"Kontaktm\u00f6glichkeiten und allgemeine Informationen von - IDS-Technology GmbH\" \/>\n<meta property=\"og:description\" content=\"In diesem Bereich finden Sie unsere Ansprechpartner, weitere Kontaktm\u00f6glichkeiten und Informationen \u00fcber unser Unternehmen. Wir freuen uns auf ein Gespr\u00e4ch mit Ihnen.\" \/>\n<meta property=\"og:url\" content=\"https:\/\/ids-tech.de\/de\/kontakt\/\" \/>\n<meta property=\"og:site_name\" content=\"IDS-Technology GmbH\" \/>\n<meta property=\"article:modified_time\" content=\"2026-04-16T15:30:12+00:00\" \/>\n<meta name=\"twitter:card\" content=\"summary_large_image\" \/>\n<meta name=\"twitter:label1\" content=\"Gesch\u00e4tzte Lesezeit\" \/>\n\t<meta name=\"twitter:data1\" content=\"3\u00a0Minuten\" \/>\n<script type=\"application\/ld+json\" class=\"yoast-schema-graph\">{\"@context\":\"https:\\\/\\\/schema.org\",\"@graph\":[{\"@type\":\"WebPage\",\"@id\":\"https:\\\/\\\/ids-tech.de\\\/de\\\/kontakt\\\/\",\"url\":\"https:\\\/\\\/ids-tech.de\\\/de\\\/kontakt\\\/\",\"name\":\"Kontaktm\u00f6glichkeiten und allgemeine Informationen von - IDS-Technology GmbH\",\"isPartOf\":{\"@id\":\"https:\\\/\\\/ids-tech.de\\\/de\\\/#website\"},\"datePublished\":\"2025-06-06T14:06:24+00:00\",\"dateModified\":\"2026-04-16T15:30:12+00:00\",\"description\":\"In diesem Bereich finden Sie unsere Ansprechpartner, weitere Kontaktm\u00f6glichkeiten und Informationen \u00fcber unser Unternehmen. Wir freuen uns auf ein Gespr\u00e4ch mit Ihnen.\",\"breadcrumb\":{\"@id\":\"https:\\\/\\\/ids-tech.de\\\/de\\\/kontakt\\\/#breadcrumb\"},\"inLanguage\":\"de\",\"potentialAction\":[{\"@type\":\"ReadAction\",\"target\":[\"https:\\\/\\\/ids-tech.de\\\/de\\\/kontakt\\\/\"]}]},{\"@type\":\"BreadcrumbList\",\"@id\":\"https:\\\/\\\/ids-tech.de\\\/de\\\/kontakt\\\/#breadcrumb\",\"itemListElement\":[{\"@type\":\"ListItem\",\"position\":1,\"name\":\"Startseite\",\"item\":\"https:\\\/\\\/ids-tech.de\\\/de\\\/ids-technology-in-bitburg-deutschland\\\/\"},{\"@type\":\"ListItem\",\"position\":2,\"name\":\"Kontaktm\u00f6glichkeiten und allgemeine Informationen von IDS-Technology\"}]},{\"@type\":\"WebSite\",\"@id\":\"https:\\\/\\\/ids-tech.de\\\/de\\\/#website\",\"url\":\"https:\\\/\\\/ids-tech.de\\\/de\\\/\",\"name\":\"IDS-Technology GmbH | E-CON System\",\"description\":\"Safety is our philosophy \u2013 cost-efficiency our task!\",\"publisher\":{\"@id\":\"https:\\\/\\\/ids-tech.de\\\/de\\\/#organization\"},\"potentialAction\":[{\"@type\":\"SearchAction\",\"target\":{\"@type\":\"EntryPoint\",\"urlTemplate\":\"https:\\\/\\\/ids-tech.de\\\/de\\\/?s={search_term_string}\"},\"query-input\":{\"@type\":\"PropertyValueSpecification\",\"valueRequired\":true,\"valueName\":\"search_term_string\"}}],\"inLanguage\":\"de\"},{\"@type\":\"Organization\",\"@id\":\"https:\\\/\\\/ids-tech.de\\\/de\\\/#organization\",\"name\":\"IDS-Technology GmbH | E-CON System\",\"url\":\"https:\\\/\\\/ids-tech.de\\\/de\\\/\",\"logo\":{\"@type\":\"ImageObject\",\"inLanguage\":\"de\",\"@id\":\"https:\\\/\\\/ids-tech.de\\\/de\\\/#\\\/schema\\\/logo\\\/image\\\/\",\"url\":\"https:\\\/\\\/ids-tech.de\\\/wp-content\\\/uploads\\\/2025\\\/12\\\/IDS-Technology-GmbH_E-CON-System_Bitburg-Germany_logo-black.webp\",\"contentUrl\":\"https:\\\/\\\/ids-tech.de\\\/wp-content\\\/uploads\\\/2025\\\/12\\\/IDS-Technology-GmbH_E-CON-System_Bitburg-Germany_logo-black.webp\",\"width\":900,\"height\":172,\"caption\":\"IDS-Technology GmbH | E-CON System\"},\"image\":{\"@id\":\"https:\\\/\\\/ids-tech.de\\\/de\\\/#\\\/schema\\\/logo\\\/image\\\/\"},\"sameAs\":[\"https:\\\/\\\/www.linkedin.com\\\/company\\\/ids-tech-de\\\/\"]}]}<\/script>\n<!-- \/ Yoast SEO plugin. -->","yoast_head_json":{"title":"Kontaktm\u00f6glichkeiten und allgemeine Informationen von - IDS-Technology GmbH","description":"In diesem Bereich finden Sie unsere Ansprechpartner, weitere Kontaktm\u00f6glichkeiten und Informationen \u00fcber unser Unternehmen. Wir freuen uns auf ein Gespr\u00e4ch mit Ihnen.","robots":{"index":"index","follow":"follow","max-snippet":"max-snippet:-1","max-image-preview":"max-image-preview:large","max-video-preview":"max-video-preview:-1"},"canonical":"https:\/\/ids-tech.de\/de\/kontakt\/","og_locale":"de_DE","og_type":"article","og_title":"Kontaktm\u00f6glichkeiten und allgemeine Informationen von - IDS-Technology GmbH","og_description":"In diesem Bereich finden Sie unsere Ansprechpartner, weitere Kontaktm\u00f6glichkeiten und Informationen \u00fcber unser Unternehmen. Wir freuen uns auf ein Gespr\u00e4ch mit Ihnen.","og_url":"https:\/\/ids-tech.de\/de\/kontakt\/","og_site_name":"IDS-Technology GmbH","article_modified_time":"2026-04-16T15:30:12+00:00","twitter_card":"summary_large_image","twitter_misc":{"Gesch\u00e4tzte Lesezeit":"3\u00a0Minuten"},"schema":{"@context":"https:\/\/schema.org","@graph":[{"@type":"WebPage","@id":"https:\/\/ids-tech.de\/de\/kontakt\/","url":"https:\/\/ids-tech.de\/de\/kontakt\/","name":"Kontaktm\u00f6glichkeiten und allgemeine Informationen von - IDS-Technology GmbH","isPartOf":{"@id":"https:\/\/ids-tech.de\/de\/#website"},"datePublished":"2025-06-06T14:06:24+00:00","dateModified":"2026-04-16T15:30:12+00:00","description":"In diesem Bereich finden Sie unsere Ansprechpartner, weitere Kontaktm\u00f6glichkeiten und Informationen \u00fcber unser Unternehmen. Wir freuen uns auf ein Gespr\u00e4ch mit Ihnen.","breadcrumb":{"@id":"https:\/\/ids-tech.de\/de\/kontakt\/#breadcrumb"},"inLanguage":"de","potentialAction":[{"@type":"ReadAction","target":["https:\/\/ids-tech.de\/de\/kontakt\/"]}]},{"@type":"BreadcrumbList","@id":"https:\/\/ids-tech.de\/de\/kontakt\/#breadcrumb","itemListElement":[{"@type":"ListItem","position":1,"name":"Startseite","item":"https:\/\/ids-tech.de\/de\/ids-technology-in-bitburg-deutschland\/"},{"@type":"ListItem","position":2,"name":"Kontaktm\u00f6glichkeiten und allgemeine Informationen von IDS-Technology"}]},{"@type":"WebSite","@id":"https:\/\/ids-tech.de\/de\/#website","url":"https:\/\/ids-tech.de\/de\/","name":"IDS-Technology GmbH | E-CON System","description":"Safety is our philosophy \u2013 cost-efficiency our task!","publisher":{"@id":"https:\/\/ids-tech.de\/de\/#organization"},"potentialAction":[{"@type":"SearchAction","target":{"@type":"EntryPoint","urlTemplate":"https:\/\/ids-tech.de\/de\/?s={search_term_string}"},"query-input":{"@type":"PropertyValueSpecification","valueRequired":true,"valueName":"search_term_string"}}],"inLanguage":"de"},{"@type":"Organization","@id":"https:\/\/ids-tech.de\/de\/#organization","name":"IDS-Technology GmbH | E-CON System","url":"https:\/\/ids-tech.de\/de\/","logo":{"@type":"ImageObject","inLanguage":"de","@id":"https:\/\/ids-tech.de\/de\/#\/schema\/logo\/image\/","url":"https:\/\/ids-tech.de\/wp-content\/uploads\/2025\/12\/IDS-Technology-GmbH_E-CON-System_Bitburg-Germany_logo-black.webp","contentUrl":"https:\/\/ids-tech.de\/wp-content\/uploads\/2025\/12\/IDS-Technology-GmbH_E-CON-System_Bitburg-Germany_logo-black.webp","width":900,"height":172,"caption":"IDS-Technology GmbH | E-CON System"},"image":{"@id":"https:\/\/ids-tech.de\/de\/#\/schema\/logo\/image\/"},"sameAs":["https:\/\/www.linkedin.com\/company\/ids-tech-de\/"]}]}},"_links":{"self":[{"href":"https:\/\/ids-tech.de\/de\/wp-json\/wp\/v2\/pages\/7625","targetHints":{"allow":["GET"]}}],"collection":[{"href":"https:\/\/ids-tech.de\/de\/wp-json\/wp\/v2\/pages"}],"about":[{"href":"https:\/\/ids-tech.de\/de\/wp-json\/wp\/v2\/types\/page"}],"author":[{"embeddable":true,"href":"https:\/\/ids-tech.de\/de\/wp-json\/wp\/v2\/users\/1"}],"replies":[{"embeddable":true,"href":"https:\/\/ids-tech.de\/de\/wp-json\/wp\/v2\/comments?post=7625"}],"version-history":[{"count":3,"href":"https:\/\/ids-tech.de\/de\/wp-json\/wp\/v2\/pages\/7625\/revisions"}],"predecessor-version":[{"id":9749,"href":"https:\/\/ids-tech.de\/de\/wp-json\/wp\/v2\/pages\/7625\/revisions\/9749"}],"wp:attachment":[{"href":"https:\/\/ids-tech.de\/de\/wp-json\/wp\/v2\/media?parent=7625"}],"curies":[{"name":"wp","href":"https:\/\/api.w.org\/{rel}","templated":true}]}}