{"id":7577,"date":"2025-06-06T10:37:21","date_gmt":"2025-06-06T08:37:21","guid":{"rendered":"https:\/\/idstechnology.live-website.com\/alles-ueber-ids-technology\/"},"modified":"2025-12-10T11:25:07","modified_gmt":"2025-12-10T10:25:07","slug":"alles-ueber-ids-technology","status":"publish","type":"page","link":"https:\/\/ids-tech.de\/de\/alles-ueber-ids-technology\/","title":{"rendered":"Alles \u00fcber IDS-Technology"},"content":{"rendered":"<p>[et_pb_section fb_built=&#8220;1&#8243; fullwidth=&#8220;on&#8220; _builder_version=&#8220;4.27.4&#8243; _module_preset=&#8220;default&#8220; global_colors_info=&#8220;{}&#8220;][et_pb_fullwidth_image src=&#8220;https:\/\/ids-tech.de\/wp-content\/uploads\/2025\/12\/IDS-Technology-Team_07_mit-Logo-rz.webp&#8220; alt=&#8220;Team | IDS-Technology Bitburg, Deutschland&#8220; title_text=&#8220;Team | IDS-Technology Bitburg, Deutschland&#8220; src_tablet=&#8220;https:\/\/ids-tech.de\/wp-content\/uploads\/2025\/12\/IDS-Technology-Team_06_ohne-Logo-rz.webp&#8220; src_phone=&#8220;https:\/\/ids-tech.de\/wp-content\/uploads\/2025\/12\/IDS-Technology-Team_06_ohne-Logo-rz.webp&#8220; src_last_edited=&#8220;on|desktop&#8220; _builder_version=&#8220;4.27.5&#8243; _module_preset=&#8220;default&#8220; custom_margin=&#8220;||||false|false&#8220; hover_enabled=&#8220;0&#8243; global_colors_info=&#8220;{}&#8220; sticky_enabled=&#8220;0&#8243;][\/et_pb_fullwidth_image][\/et_pb_section][et_pb_section fb_built=&#8220;1&#8243; custom_padding_last_edited=&#8220;on|phone&#8220; admin_label=&#8220;EINLEITUNG ZU ALLEN PRODUKTEN&#8220; module_id=&#8220;einleitung&#8220; _builder_version=&#8220;4.27.4&#8243; _module_preset=&#8220;default&#8220; custom_padding=&#8220;20px||25px||false|false&#8220; custom_padding_tablet=&#8220;10px||30px||false|false&#8220; custom_padding_phone=&#8220;5px||30px||false|false&#8220; global_colors_info=&#8220;{}&#8220;][et_pb_row _builder_version=&#8220;4.27.4&#8243; _module_preset=&#8220;default&#8220; custom_margin=&#8220;|auto|4px|auto||&#8220; global_colors_info=&#8220;{}&#8220;][et_pb_column type=&#8220;4_4&#8243; _builder_version=&#8220;4.27.4&#8243; _module_preset=&#8220;default&#8220; global_colors_info=&#8220;{}&#8220;][et_pb_text _builder_version=&#8220;4.27.4&#8243; _module_preset=&#8220;_initial&#8220; header_font=&#8220;open sans v40 latin 700||||||||&#8220; header_text_align=&#8220;center&#8220; header_line_height=&#8220;1.3em&#8220; header_2_font=&#8220;open sans v40 latin 600||||||||&#8220; header_2_text_align=&#8220;center&#8220; header_2_font_size=&#8220;25px&#8220; header_2_line_height=&#8220;1.3em&#8220; text_orientation=&#8220;center&#8220; custom_margin=&#8220;||15px|||&#8220; header_font_size_tablet=&#8220;&#8220; header_font_size_phone=&#8220;&#8220; header_font_size_last_edited=&#8220;on|desktop&#8220; header_2_font_size_tablet=&#8220;21px&#8220; header_2_font_size_phone=&#8220;17px&#8220; header_2_font_size_last_edited=&#8220;on|phone&#8220; header_2_line_height_tablet=&#8220;1.3em&#8220; header_2_line_height_phone=&#8220;1.4em&#8220; header_2_line_height_last_edited=&#8220;on|desktop&#8220; text_orientation_tablet=&#8220;left&#8220; text_orientation_phone=&#8220;left&#8220; global_colors_info=&#8220;{}&#8220;]<\/p>\n<h1 class=\"uk-article-title\">Alles \u00fcber IDS-Technology<\/h1>\n<p>[\/et_pb_text][et_pb_text _builder_version=&#8220;4.27.4&#8243; _module_preset=&#8220;default&#8220; header_text_align=&#8220;center&#8220; header_2_text_align=&#8220;center&#8220; header_3_text_align=&#8220;center&#8220; header_3_font_size=&#8220;21px&#8220; text_orientation=&#8220;center&#8220; width=&#8220;100%&#8220; module_alignment=&#8220;center&#8220; global_colors_info=&#8220;{}&#8220;]<\/p>\n<p>Jede Geschichte beginnt mit Menschen und ihrer Leidenschaft. Lerne die Menschen hinter IDS-Technology kennen und erfahre, wo unsere Reise begann.<\/p>\n<p>[\/et_pb_text][\/et_pb_column][\/et_pb_row][et_pb_row column_structure=&#8220;1_2,1_2&#8243; use_custom_gutter=&#8220;on&#8220; gutter_width=&#8220;1&#8243; _builder_version=&#8220;4.27.4&#8243; _module_preset=&#8220;default&#8220; width=&#8220;100%&#8220; max_width=&#8220;1250px&#8220; custom_margin=&#8220;|auto|42px|auto||&#8220; custom_padding=&#8220;13px|20px||20px|false|true&#8220; global_colors_info=&#8220;{}&#8220;][et_pb_column type=&#8220;1_2&#8243; _builder_version=&#8220;4.27.4&#8243; _module_preset=&#8220;default&#8220; global_colors_info=&#8220;{}&#8220;][et_pb_blurb title=&#8220;Unser Team&#8220; image=&#8220;https:\/\/ids-tech.de\/wp-content\/uploads\/2025\/12\/IDS-Technology-Team_09.webp&#8220; alt=&#8220;Contacts | IDS-Technology Bitburg, Germany&#8220; _builder_version=&#8220;4.27.5&#8243; _module_preset=&#8220;default&#8220; header_level=&#8220;h2&#8243; header_text_align=&#8220;center&#8220; header_font_size=&#8220;23px&#8220; header_line_height=&#8220;1.3em&#8220; body_text_align=&#8220;center&#8220; link_option_url=&#8220;https:\/\/ids-tech.de\/de\/ansprechpartner\/&#8220; hover_enabled=&#8220;0&#8243; global_colors_info=&#8220;{}&#8220; title_text=&#8220;Contacts | IDS-Technology Bitburg, Germany&#8220; sticky_enabled=&#8220;0&#8243;]<\/p>\n<p>Die Menschen hinter IDS-Technology \u2013 immer f\u00fcr dich da.<\/p>\n<p>[\/et_pb_blurb][\/et_pb_column][et_pb_column type=&#8220;1_2&#8243; _builder_version=&#8220;4.27.4&#8243; _module_preset=&#8220;default&#8220; global_colors_info=&#8220;{}&#8220;][et_pb_blurb title=&#8220;Unsere Geschichte im Laufe der Jahre&#8220; image=&#8220;https:\/\/ids-tech.de\/wp-content\/uploads\/2025\/12\/IDS-Technology-Team_10.webp&#8220; alt=&#8220;History | IDS-Technology Bitburg, Germany&#8220; _builder_version=&#8220;4.27.5&#8243; _module_preset=&#8220;default&#8220; header_level=&#8220;h2&#8243; header_text_align=&#8220;center&#8220; header_font_size=&#8220;23px&#8220; header_line_height=&#8220;1.3em&#8220; body_text_align=&#8220;center&#8220; link_option_url=&#8220;https:\/\/ids-tech.de\/ids-technology-company-history\/&#8220; hover_enabled=&#8220;0&#8243; global_colors_info=&#8220;{}&#8220; title_text=&#8220;History | IDS-Technology Bitburg, Germany&#8220; sticky_enabled=&#8220;0&#8243;]<\/p>\n<p>Wirf einen Blick zur\u00fcck auf unsere Anf\u00e4nge und darauf, wie wir gemeinsam gewachsen sind.<\/p>\n<p>[\/et_pb_blurb][\/et_pb_column][\/et_pb_row][\/et_pb_section]<\/p>\n","protected":false},"excerpt":{"rendered":"<p>Alles \u00fcber IDS-TechnologyJede Geschichte beginnt mit Menschen und ihrer Leidenschaft. Lerne die Menschen hinter IDS-Technology kennen und erfahre, wo unsere Reise begann.Die Menschen hinter IDS-Technology \u2013 immer f\u00fcr dich da.Wirf einen Blick zur\u00fcck auf unsere Anf\u00e4nge und darauf, wie wir gemeinsam gewachsen sind.<\/p>\n","protected":false},"author":1,"featured_media":0,"parent":0,"menu_order":0,"comment_status":"closed","ping_status":"closed","template":"","meta":{"_et_pb_use_builder":"on","_et_pb_old_content":"","_et_gb_content_width":"","footnotes":""},"class_list":["post-7577","page","type-page","status-publish","hentry"],"yoast_head":"<!-- This site is optimized with the Yoast SEO plugin v27.4 - https:\/\/yoast.com\/product\/yoast-seo-wordpress\/ -->\n<title>Alles \u00fcber<\/title>\n<meta name=\"description\" content=\"IDS-Technology: Unsere Werte, unsere Mission und die Menschen, die unsere technologischen L\u00f6sungen m\u00f6glich machen. Erfahre, wof\u00fcr wir stehen.\" \/>\n<meta name=\"robots\" content=\"index, follow, max-snippet:-1, max-image-preview:large, max-video-preview:-1\" \/>\n<link rel=\"canonical\" href=\"https:\/\/ids-tech.de\/de\/alles-ueber-ids-technology\/\" \/>\n<meta property=\"og:locale\" content=\"de_DE\" \/>\n<meta property=\"og:type\" content=\"article\" \/>\n<meta property=\"og:title\" content=\"Alles \u00fcber\" \/>\n<meta property=\"og:description\" content=\"IDS-Technology: Unsere Werte, unsere Mission und die Menschen, die unsere technologischen L\u00f6sungen m\u00f6glich machen. Erfahre, wof\u00fcr wir stehen.\" \/>\n<meta property=\"og:url\" content=\"https:\/\/ids-tech.de\/de\/alles-ueber-ids-technology\/\" \/>\n<meta property=\"og:site_name\" content=\"IDS-Technology GmbH\" \/>\n<meta property=\"article:modified_time\" content=\"2025-12-10T10:25:07+00:00\" \/>\n<meta name=\"twitter:card\" content=\"summary_large_image\" \/>\n<meta name=\"twitter:label1\" content=\"Gesch\u00e4tzte Lesezeit\" \/>\n\t<meta name=\"twitter:data1\" content=\"3\u00a0Minuten\" \/>\n<script type=\"application\/ld+json\" class=\"yoast-schema-graph\">{\"@context\":\"https:\\\/\\\/schema.org\",\"@graph\":[{\"@type\":\"WebPage\",\"@id\":\"https:\\\/\\\/ids-tech.de\\\/de\\\/alles-ueber-ids-technology\\\/\",\"url\":\"https:\\\/\\\/ids-tech.de\\\/de\\\/alles-ueber-ids-technology\\\/\",\"name\":\"Alles \u00fcber\",\"isPartOf\":{\"@id\":\"https:\\\/\\\/ids-tech.de\\\/de\\\/#website\"},\"datePublished\":\"2025-06-06T08:37:21+00:00\",\"dateModified\":\"2025-12-10T10:25:07+00:00\",\"description\":\"IDS-Technology: Unsere Werte, unsere Mission und die Menschen, die unsere technologischen L\u00f6sungen m\u00f6glich machen. Erfahre, wof\u00fcr wir stehen.\",\"breadcrumb\":{\"@id\":\"https:\\\/\\\/ids-tech.de\\\/de\\\/alles-ueber-ids-technology\\\/#breadcrumb\"},\"inLanguage\":\"de\",\"potentialAction\":[{\"@type\":\"ReadAction\",\"target\":[\"https:\\\/\\\/ids-tech.de\\\/de\\\/alles-ueber-ids-technology\\\/\"]}]},{\"@type\":\"BreadcrumbList\",\"@id\":\"https:\\\/\\\/ids-tech.de\\\/de\\\/alles-ueber-ids-technology\\\/#breadcrumb\",\"itemListElement\":[{\"@type\":\"ListItem\",\"position\":1,\"name\":\"Startseite\",\"item\":\"https:\\\/\\\/ids-tech.de\\\/de\\\/ids-technology-in-bitburg-deutschland\\\/\"},{\"@type\":\"ListItem\",\"position\":2,\"name\":\"Alles \u00fcber IDS-Technology\"}]},{\"@type\":\"WebSite\",\"@id\":\"https:\\\/\\\/ids-tech.de\\\/de\\\/#website\",\"url\":\"https:\\\/\\\/ids-tech.de\\\/de\\\/\",\"name\":\"IDS-Technology GmbH | E-CON System\",\"description\":\"Safety is our philosophy \u2013 cost-efficiency our task!\",\"publisher\":{\"@id\":\"https:\\\/\\\/ids-tech.de\\\/de\\\/#organization\"},\"potentialAction\":[{\"@type\":\"SearchAction\",\"target\":{\"@type\":\"EntryPoint\",\"urlTemplate\":\"https:\\\/\\\/ids-tech.de\\\/de\\\/?s={search_term_string}\"},\"query-input\":{\"@type\":\"PropertyValueSpecification\",\"valueRequired\":true,\"valueName\":\"search_term_string\"}}],\"inLanguage\":\"de\"},{\"@type\":\"Organization\",\"@id\":\"https:\\\/\\\/ids-tech.de\\\/de\\\/#organization\",\"name\":\"IDS-Technology GmbH | E-CON System\",\"url\":\"https:\\\/\\\/ids-tech.de\\\/de\\\/\",\"logo\":{\"@type\":\"ImageObject\",\"inLanguage\":\"de\",\"@id\":\"https:\\\/\\\/ids-tech.de\\\/de\\\/#\\\/schema\\\/logo\\\/image\\\/\",\"url\":\"https:\\\/\\\/ids-tech.de\\\/wp-content\\\/uploads\\\/2025\\\/12\\\/IDS-Technology-GmbH_E-CON-System_Bitburg-Germany_logo-black.webp\",\"contentUrl\":\"https:\\\/\\\/ids-tech.de\\\/wp-content\\\/uploads\\\/2025\\\/12\\\/IDS-Technology-GmbH_E-CON-System_Bitburg-Germany_logo-black.webp\",\"width\":900,\"height\":172,\"caption\":\"IDS-Technology GmbH | E-CON System\"},\"image\":{\"@id\":\"https:\\\/\\\/ids-tech.de\\\/de\\\/#\\\/schema\\\/logo\\\/image\\\/\"},\"sameAs\":[\"https:\\\/\\\/www.linkedin.com\\\/company\\\/ids-tech-de\\\/\"]}]}<\/script>\n<!-- \/ Yoast SEO plugin. -->","yoast_head_json":{"title":"Alles \u00fcber","description":"IDS-Technology: Unsere Werte, unsere Mission und die Menschen, die unsere technologischen L\u00f6sungen m\u00f6glich machen. Erfahre, wof\u00fcr wir stehen.","robots":{"index":"index","follow":"follow","max-snippet":"max-snippet:-1","max-image-preview":"max-image-preview:large","max-video-preview":"max-video-preview:-1"},"canonical":"https:\/\/ids-tech.de\/de\/alles-ueber-ids-technology\/","og_locale":"de_DE","og_type":"article","og_title":"Alles \u00fcber","og_description":"IDS-Technology: Unsere Werte, unsere Mission und die Menschen, die unsere technologischen L\u00f6sungen m\u00f6glich machen. Erfahre, wof\u00fcr wir stehen.","og_url":"https:\/\/ids-tech.de\/de\/alles-ueber-ids-technology\/","og_site_name":"IDS-Technology GmbH","article_modified_time":"2025-12-10T10:25:07+00:00","twitter_card":"summary_large_image","twitter_misc":{"Gesch\u00e4tzte Lesezeit":"3\u00a0Minuten"},"schema":{"@context":"https:\/\/schema.org","@graph":[{"@type":"WebPage","@id":"https:\/\/ids-tech.de\/de\/alles-ueber-ids-technology\/","url":"https:\/\/ids-tech.de\/de\/alles-ueber-ids-technology\/","name":"Alles \u00fcber","isPartOf":{"@id":"https:\/\/ids-tech.de\/de\/#website"},"datePublished":"2025-06-06T08:37:21+00:00","dateModified":"2025-12-10T10:25:07+00:00","description":"IDS-Technology: Unsere Werte, unsere Mission und die Menschen, die unsere technologischen L\u00f6sungen m\u00f6glich machen. Erfahre, wof\u00fcr wir stehen.","breadcrumb":{"@id":"https:\/\/ids-tech.de\/de\/alles-ueber-ids-technology\/#breadcrumb"},"inLanguage":"de","potentialAction":[{"@type":"ReadAction","target":["https:\/\/ids-tech.de\/de\/alles-ueber-ids-technology\/"]}]},{"@type":"BreadcrumbList","@id":"https:\/\/ids-tech.de\/de\/alles-ueber-ids-technology\/#breadcrumb","itemListElement":[{"@type":"ListItem","position":1,"name":"Startseite","item":"https:\/\/ids-tech.de\/de\/ids-technology-in-bitburg-deutschland\/"},{"@type":"ListItem","position":2,"name":"Alles \u00fcber IDS-Technology"}]},{"@type":"WebSite","@id":"https:\/\/ids-tech.de\/de\/#website","url":"https:\/\/ids-tech.de\/de\/","name":"IDS-Technology GmbH | E-CON System","description":"Safety is our philosophy \u2013 cost-efficiency our task!","publisher":{"@id":"https:\/\/ids-tech.de\/de\/#organization"},"potentialAction":[{"@type":"SearchAction","target":{"@type":"EntryPoint","urlTemplate":"https:\/\/ids-tech.de\/de\/?s={search_term_string}"},"query-input":{"@type":"PropertyValueSpecification","valueRequired":true,"valueName":"search_term_string"}}],"inLanguage":"de"},{"@type":"Organization","@id":"https:\/\/ids-tech.de\/de\/#organization","name":"IDS-Technology GmbH | E-CON System","url":"https:\/\/ids-tech.de\/de\/","logo":{"@type":"ImageObject","inLanguage":"de","@id":"https:\/\/ids-tech.de\/de\/#\/schema\/logo\/image\/","url":"https:\/\/ids-tech.de\/wp-content\/uploads\/2025\/12\/IDS-Technology-GmbH_E-CON-System_Bitburg-Germany_logo-black.webp","contentUrl":"https:\/\/ids-tech.de\/wp-content\/uploads\/2025\/12\/IDS-Technology-GmbH_E-CON-System_Bitburg-Germany_logo-black.webp","width":900,"height":172,"caption":"IDS-Technology GmbH | E-CON System"},"image":{"@id":"https:\/\/ids-tech.de\/de\/#\/schema\/logo\/image\/"},"sameAs":["https:\/\/www.linkedin.com\/company\/ids-tech-de\/"]}]}},"_links":{"self":[{"href":"https:\/\/ids-tech.de\/de\/wp-json\/wp\/v2\/pages\/7577","targetHints":{"allow":["GET"]}}],"collection":[{"href":"https:\/\/ids-tech.de\/de\/wp-json\/wp\/v2\/pages"}],"about":[{"href":"https:\/\/ids-tech.de\/de\/wp-json\/wp\/v2\/types\/page"}],"author":[{"embeddable":true,"href":"https:\/\/ids-tech.de\/de\/wp-json\/wp\/v2\/users\/1"}],"replies":[{"embeddable":true,"href":"https:\/\/ids-tech.de\/de\/wp-json\/wp\/v2\/comments?post=7577"}],"version-history":[{"count":0,"href":"https:\/\/ids-tech.de\/de\/wp-json\/wp\/v2\/pages\/7577\/revisions"}],"wp:attachment":[{"href":"https:\/\/ids-tech.de\/de\/wp-json\/wp\/v2\/media?parent=7577"}],"curies":[{"name":"wp","href":"https:\/\/api.w.org\/{rel}","templated":true}]}}